{"id":24,"date":"2025-09-24T09:05:46","date_gmt":"2025-09-24T09:05:46","guid":{"rendered":"https:\/\/tailler-greffer.fr\/?page_id=24"},"modified":"2026-03-23T10:14:36","modified_gmt":"2026-03-23T10:14:36","slug":"accueil","status":"publish","type":"page","link":"https:\/\/tailler-greffer.fr\/","title":{"rendered":"Accueil"},"content":{"rendered":"\n<p>Ce site est destin\u00e9 \u00e0 l&rsquo;amateur, au jardinier. <\/p>\n\n\n\n<p class=\"has-large-font-size\">Bien que n&rsquo;utilisant pas l&rsquo;\u00e9criture inclusive, il s&rsquo;adresse autant \u00e0 la jardini\u00e8re qu&rsquo;au jardinier, aux femmes qu&rsquo;aux hommes.<\/p>\n\n\n\n<p>L&rsquo;arboriculteur, le professionnel, est souvent \u00e9voqu\u00e9 : non pas pour que le jardinier essaye de le copier, mais pour \u00e9clairer la diversit\u00e9 des pratiques en fonction du contexte.<\/p>\n\n\n\n<p>Souhaitant partager un v\u00e9cu, je ne parlerai que des techniques de greffe que j&rsquo;ai pratiqu\u00e9es et des esp\u00e8ces que j&rsquo;ai plant\u00e9es et taill\u00e9es : les arbres \u00e0 noyaux et \u00e0 p\u00e9pins et le ch\u00e2taignier me serviront d&rsquo;exemple. Je serai plus discret \u00e0 propos du noyer et du noisetier, de l&rsquo;olivier ou du figuier. Je ne dirai rien des agrumes.<\/p>\n\n\n\n<p><em>Bonne lecture et, surtout, beaucoup de bons moments aupr\u00e8s de vos arbres !<\/em><\/p>\n","protected":false},"excerpt":{"rendered":"<p>Ce site est destin\u00e9 \u00e0 l&rsquo;amateur, au jardinier. Bien que n&rsquo;utilisant pas l&rsquo;\u00e9criture inclusive, il s&rsquo;adresse autant \u00e0 la jardini\u00e8re qu&rsquo;au jardinier, aux femmes qu&rsquo;aux hommes. L&rsquo;arboriculteur, le professionnel, est souvent \u00e9voqu\u00e9 : non pas pour que le jardinier essaye de le copier, mais pour \u00e9clairer la diversit\u00e9 des pratiques en fonction du contexte. Souhaitant [&hellip;]<\/p>\n","protected":false},"author":1,"featured_media":0,"parent":0,"menu_order":0,"comment_status":"closed","ping_status":"closed","template":"","meta":{"footnotes":""},"class_list":["post-24","page","type-page","status-publish","hentry"],"_links":{"self":[{"href":"https:\/\/tailler-greffer.fr\/index.php\/wp-json\/wp\/v2\/pages\/24","targetHints":{"allow":["GET"]}}],"collection":[{"href":"https:\/\/tailler-greffer.fr\/index.php\/wp-json\/wp\/v2\/pages"}],"about":[{"href":"https:\/\/tailler-greffer.fr\/index.php\/wp-json\/wp\/v2\/types\/page"}],"author":[{"embeddable":true,"href":"https:\/\/tailler-greffer.fr\/index.php\/wp-json\/wp\/v2\/users\/1"}],"replies":[{"embeddable":true,"href":"https:\/\/tailler-greffer.fr\/index.php\/wp-json\/wp\/v2\/comments?post=24"}],"version-history":[{"count":24,"href":"https:\/\/tailler-greffer.fr\/index.php\/wp-json\/wp\/v2\/pages\/24\/revisions"}],"predecessor-version":[{"id":381,"href":"https:\/\/tailler-greffer.fr\/index.php\/wp-json\/wp\/v2\/pages\/24\/revisions\/381"}],"wp:attachment":[{"href":"https:\/\/tailler-greffer.fr\/index.php\/wp-json\/wp\/v2\/media?parent=24"}],"curies":[{"name":"wp","href":"https:\/\/api.w.org\/{rel}","templated":true}]}}