{"id":327,"date":"2026-03-22T13:44:39","date_gmt":"2026-03-22T13:44:39","guid":{"rendered":"https:\/\/tailler-greffer.fr\/?page_id=327"},"modified":"2026-03-25T08:46:29","modified_gmt":"2026-03-25T08:46:29","slug":"10-questions-frequemment-posees-a-propos-de-la-taille","status":"publish","type":"page","link":"https:\/\/tailler-greffer.fr\/index.php\/tailler\/10-questions-frequemment-posees-a-propos-de-la-taille\/","title":{"rendered":"10 questions fr\u00e9quemment pos\u00e9es \u00e0 propos de la taille"},"content":{"rendered":"\n<div id=\"ez-toc-container\" class=\"ez-toc-v2_0_82_2 counter-hierarchy ez-toc-counter ez-toc-grey ez-toc-container-direction\">\n<div class=\"ez-toc-title-container\">\n<p class=\"ez-toc-title\" style=\"cursor:inherit\">Sommaire<\/p>\n<span class=\"ez-toc-title-toggle\"><a href=\"#\" class=\"ez-toc-pull-right ez-toc-btn ez-toc-btn-xs ez-toc-btn-default ez-toc-toggle\" aria-label=\"Toggle Table of Content\"><span class=\"ez-toc-js-icon-con\"><span class=\"\"><span class=\"eztoc-hide\" style=\"display:none;\">Toggle<\/span><span class=\"ez-toc-icon-toggle-span\"><svg style=\"fill: #999;color:#999\" xmlns=\"http:\/\/www.w3.org\/2000\/svg\" class=\"list-377408\" width=\"20px\" height=\"20px\" viewBox=\"0 0 24 24\" fill=\"none\"><path d=\"M6 6H4v2h2V6zm14 0H8v2h12V6zM4 11h2v2H4v-2zm16 0H8v2h12v-2zM4 16h2v2H4v-2zm16 0H8v2h12v-2z\" fill=\"currentColor\"><\/path><\/svg><svg style=\"fill: #999;color:#999\" class=\"arrow-unsorted-368013\" xmlns=\"http:\/\/www.w3.org\/2000\/svg\" width=\"10px\" height=\"10px\" viewBox=\"0 0 24 24\" version=\"1.2\" baseProfile=\"tiny\"><path d=\"M18.2 9.3l-6.2-6.3-6.2 6.3c-.2.2-.3.4-.3.7s.1.5.3.7c.2.2.4.3.7.3h11c.3 0 .5-.1.7-.3.2-.2.3-.5.3-.7s-.1-.5-.3-.7zM5.8 14.7l6.2 6.3 6.2-6.3c.2-.2.3-.5.3-.7s-.1-.5-.3-.7c-.2-.2-.4-.3-.7-.3h-11c-.3 0-.5.1-.7.3-.2.2-.3.5-.3.7s.1.5.3.7z\"\/><\/svg><\/span><\/span><\/span><\/a><\/span><\/div>\n<nav><ul class='ez-toc-list ez-toc-list-level-1 ' ><li class='ez-toc-page-1 ez-toc-heading-level-3'><a class=\"ez-toc-link ez-toc-heading-1\" href=\"https:\/\/tailler-greffer.fr\/index.php\/tailler\/10-questions-frequemment-posees-a-propos-de-la-taille\/#Doit-on_toujours_tailler_un_arbre_fruitier\" >Doit-on toujours tailler un arbre fruitier&nbsp;?<\/a><\/li><li class='ez-toc-page-1 ez-toc-heading-level-3'><a class=\"ez-toc-link ez-toc-heading-2\" href=\"https:\/\/tailler-greffer.fr\/index.php\/tailler\/10-questions-frequemment-posees-a-propos-de-la-taille\/#Est-il_possible_de_ne_jamais_tailler_un_arbre\" >Est-il possible de ne jamais tailler un arbre ?<\/a><\/li><li class='ez-toc-page-1 ez-toc-heading-level-3'><a class=\"ez-toc-link ez-toc-heading-3\" href=\"https:\/\/tailler-greffer.fr\/index.php\/tailler\/10-questions-frequemment-posees-a-propos-de-la-taille\/#Quand_tailler\" >Quand tailler&nbsp;?<\/a><\/li><li class='ez-toc-page-1 ez-toc-heading-level-3'><a class=\"ez-toc-link ez-toc-heading-4\" href=\"https:\/\/tailler-greffer.fr\/index.php\/tailler\/10-questions-frequemment-posees-a-propos-de-la-taille\/#Un_arbre_a-t-il_mal_lorsquon_le_taille\" >Un arbre a-t-il mal lorsqu\u2019on le taille&nbsp;?<\/a><\/li><li class='ez-toc-page-1 ez-toc-heading-level-3'><a class=\"ez-toc-link ez-toc-heading-5\" href=\"https:\/\/tailler-greffer.fr\/index.php\/tailler\/10-questions-frequemment-posees-a-propos-de-la-taille\/#Peut-on_tailler_lorsquil_gele\" >Peut-on tailler lorsqu\u2019il g\u00e8le&nbsp;?<\/a><\/li><li class='ez-toc-page-1 ez-toc-heading-level-3'><a class=\"ez-toc-link ez-toc-heading-6\" href=\"https:\/\/tailler-greffer.fr\/index.php\/tailler\/10-questions-frequemment-posees-a-propos-de-la-taille\/#Doit-on_tenir_compte_de_la_lune\" >Doit-on tenir compte de la lune&nbsp;?<\/a><\/li><li class='ez-toc-page-1 ez-toc-heading-level-3'><a class=\"ez-toc-link ez-toc-heading-7\" href=\"https:\/\/tailler-greffer.fr\/index.php\/tailler\/10-questions-frequemment-posees-a-propos-de-la-taille\/#Doit-on_proteger_les_coupes_consecutives_a_la_taille\" >Doit-on prot\u00e9ger les coupes cons\u00e9cutives \u00e0 la taille&nbsp;?<\/a><\/li><li class='ez-toc-page-1 ez-toc-heading-level-3'><a class=\"ez-toc-link ez-toc-heading-8\" href=\"https:\/\/tailler-greffer.fr\/index.php\/tailler\/10-questions-frequemment-posees-a-propos-de-la-taille\/#Taille_de_formation_et_taille_de_fructification_quelle_difference\" >Taille de formation et taille de fructification, quelle diff\u00e9rence&nbsp;?<\/a><\/li><li class='ez-toc-page-1 ez-toc-heading-level-3'><a class=\"ez-toc-link ez-toc-heading-9\" href=\"https:\/\/tailler-greffer.fr\/index.php\/tailler\/10-questions-frequemment-posees-a-propos-de-la-taille\/#Faut-il_pratiquer_une_%C2%AB_taille_douce_%C2%BB\" >Faut-il pratiquer une \u00ab&nbsp;taille douce&nbsp;\u00bb&nbsp;?<\/a><\/li><li class='ez-toc-page-1 ez-toc-heading-level-3'><a class=\"ez-toc-link ez-toc-heading-10\" href=\"https:\/\/tailler-greffer.fr\/index.php\/tailler\/10-questions-frequemment-posees-a-propos-de-la-taille\/#Tailler_accroit-il_la_vigueur_de_larbre\" >Tailler accro\u00eet-il la vigueur de l\u2019arbre&nbsp;<\/a><\/li><li class='ez-toc-page-1 ez-toc-heading-level-3'><a class=\"ez-toc-link ez-toc-heading-11\" href=\"https:\/\/tailler-greffer.fr\/index.php\/tailler\/10-questions-frequemment-posees-a-propos-de-la-taille\/#Mais_tailler_cest_quoi\" >Mais tailler, c\u2019est quoi&nbsp;?<\/a><\/li><\/ul><\/nav><\/div>\n<h3 class=\"wp-block-heading\"><span class=\"ez-toc-section\" id=\"Doit-on_toujours_tailler_un_arbre_fruitier\"><\/span><strong><u>Doit-on <em>toujours<\/em> tailler un arbre fruitier&nbsp;?<\/u><\/strong><span class=\"ez-toc-section-end\"><\/span><\/h3>\n\n\n\n<p>Non, on n\u2019est jamais oblig\u00e9 de tailler un arbre.<\/p>\n\n\n\n<p>On ne taille pas un arbre parce que son voisin taille, ou parce qu&rsquo;on nous a dit de le faire :  on coupe une branche pour une bonne raison. <\/p>\n\n\n\n<p>Pas de bonne raison&nbsp;? On laisse alors le s\u00e9cateur dans la poche.<\/p>\n\n\n\n<h3 class=\"wp-block-heading\"><span class=\"ez-toc-section\" id=\"Est-il_possible_de_ne_jamais_tailler_un_arbre\"><\/span><strong>Est-il possible de ne jamais tailler un arbre ?<\/strong><span class=\"ez-toc-section-end\"><\/span><\/h3>\n\n\n\n<p>Oui, tout \u00e0 fait. Et c&rsquo;est m\u00eame une exp\u00e9rience int\u00e9ressante, surtout si on l&rsquo;a d\u00e9bute d\u00e8s la plantation (ou le greffage). Plus int\u00e9ressant encore : planter deux arbres identiques, un tailler un et l&rsquo;autre pas\u2026 jusqu\u2019au jour o\u00f9 vous direz, devant l&rsquo;arbre non taill\u00e9&nbsp;:<\/p>\n\n\n\n<ul class=\"wp-block-list\">\n<li>Cette branche plie dangereusement : l&rsquo;hiver prochain, il va falloir que je la raccourcisse d&rsquo;un tiers pour la rigidifier,<\/li>\n\n\n\n<li>Je n\u2019arrive plus \u00e0 glisser l\u2019\u00e9chelle entre les branches pour r\u00e9colter&nbsp;: je vais quand m\u00eame faire un peu de m\u00e9nage&nbsp;!<\/li>\n\n\n\n<li>L\u2019an dernier, les fruits \u00e9taient tr\u00e8s nombreux et minuscules&nbsp;: comme il y a \u00e0 nouveau beaucoup de bourgeons floraux, je vais raccourcir les rameaux fruitiers.<\/li>\n<\/ul>\n\n\n\n<p>Parfait&nbsp;: votre arbre est en train de vous apprendre \u00e0 tailler&nbsp;!<\/p>\n\n\n\n<h3 class=\"wp-block-heading\"><span class=\"ez-toc-section\" id=\"Quand_tailler\"><\/span><strong><u>Quand tailler&nbsp;?<\/u><\/strong><span class=\"ez-toc-section-end\"><\/span><\/h3>\n\n\n<p><em>On distingue deux \u00e9poques de taille :<\/em><\/p>\n<ol>\n<li><span style=\"letter-spacing: -0.22px;\">La <\/span><code style=\"letter-spacing: -0.22px;\">taille en <strong>repos v\u00e9g\u00e9tatif<\/strong><\/code><span style=\"letter-spacing: -0.22px;\">, encore appel\u00e9e taille hivernale, ou taille \u00ab en sec \u00bb (en sec, car il n\u2019y a pas de s\u00e8ve dans le bois). De la chute des feuilles au d\u00e9but de gonflement des bourgeons. En France m\u00e9tropolitaine, d\u00e9cembre et janvier sont toujours adapt\u00e9s.<\/span><\/li>\n<li>La <code style=\"letter-spacing: -0.22px;\">taille en <strong>v\u00e9g\u00e9tation<\/strong><\/code><span style=\"letter-spacing: -0.22px;\">, encore appel\u00e9e taille \u00ab\u00a0en vert\u00a0\u00bb. Du d\u00e9bourrement \u00e0 la chute des feuilles.<\/span><br \/>\n\n\n<p><em>La taille en v\u00e9g\u00e9tation&nbsp;:<\/em><\/p>\n\n\n\n<ul class=\"wp-block-list\">\n<li>est difficile d\u00e8s qu\u2019il y a du feuillage (on voit moins bien la structure de l\u2019arbre, les branches sont plus lourdes, on abime le feuillage et les fruits\u2026),<\/li>\n\n\n\n<li>est affaiblissante lorsque des quantit\u00e9s significatives de v\u00e9g\u00e9tal sont supprim\u00e9es,<\/li>\n\n\n\n<li>les <em><u>pincements<\/u><\/em> et l\u2019arrachage des repousses vigoureuses (futurs <em><u>gourmands<\/u><\/em>) qui d\u00e9marrent sous une coupe effectu\u00e9e l\u2019hiver pr\u00e9c\u00e9dent peuvent \u00eatre r\u00e9alis\u00e9s sans risque puisqu\u2019ils suppriment tr\u00e8s peu de v\u00e9g\u00e9tal. Ils sont une bonne occasion de s\u2019int\u00e9resser \u00e0 l\u2019arbre au printemps.<\/li>\n<\/ul>\n\n\n\n<p>Le jardinier taillera donc essentiellement en repos v\u00e9g\u00e9tatif, avec parfois des exceptions pour le kiwi et la vigne, lianes exub\u00e9rantes qu\u2019il est parfois n\u00e9cessaire de tailler en vert pour faciliter les interventions ult\u00e9rieures (r\u00e9colte, taille en repos v\u00e9g\u00e9tatif) et, pour la vigne, favoriser l\u2019a\u00e9ration du plant et donc limiter les maladies sur feuilles ou sur grappe. &nbsp;<\/p>\n\n\n\n<p>Notons que les rejets \u00e0 la base de l\u2019arbre sont \u00e0 supprimer tout au long de l\u2019ann\u00e9e (mais ce n\u2019est pas \u00e0 proprement parler de la taille), id\u00e9alement d\u00e8s qu\u2019ils atteignent 20 cm et en les coupant le plus \u00e0 ras possible (d\u00e9gager si n\u00e9cessaire la base du rejet avec un piochon). Ainsi, les rejets seront de moins en moins nombreux et de moins en moins vigoureux.<\/p>\n\n\n\n<p>Par la suite, sauf pr\u00e9cision contraire, je ne parlerai que de la taille en repos v\u00e9g\u00e9tatif.<\/p>\n\n\n\n<h3 class=\"wp-block-heading\"><span class=\"ez-toc-section\" id=\"Un_arbre_a-t-il_mal_lorsquon_le_taille\"><\/span><strong><u>Un arbre a-t-il mal lorsqu\u2019on le taille&nbsp;?<\/u><\/strong><span class=\"ez-toc-section-end\"><\/span><\/h3>\n\n\n\n<p>D\u00e9pourvu de syst\u00e8me nerveux, l\u2019arbre n\u2019a pas mal \u2013 au sens o\u00f9 nous l\u2019entendons \u2013 lorsqu\u2019on le taille. Heureusement, car sinon, soumis aux gel\u00e9es hivernales, au soleil br\u00fblant de l\u2019\u00e9t\u00e9 et au stress hydrique, aux animaux et ravageurs qui l\u2019attaquent en permanence, sa vie serait un enfer.<\/p>\n\n\n\n<p>Il ne souffre pas lorsqu\u2019on le taille mais, bien s\u00fbr, essayons de le traiter avec discernement et respect.<\/p>\n\n\n\n<h3 class=\"wp-block-heading\"><span class=\"ez-toc-section\" id=\"Peut-on_tailler_lorsquil_gele\"><\/span><strong><u>Peut-on tailler lorsqu\u2019il g\u00e8le&nbsp;?<\/u><\/strong><span class=\"ez-toc-section-end\"><\/span><\/h3>\n\n\n\n<p>Oui, il est possible de tailler, m\u00eame par fort gel.<\/p>\n\n\n\n<p>Et si les arboriculteurs disent souvent qu\u2019il ne faut pas tailler lorsqu\u2019il g\u00e8le, c\u2019est tout simplement qu\u2019ils pr\u00e9f\u00e8rent \u2013 bien l\u00e9gitimement \u2013 se consacrer \u00e0 d\u2019autres t\u00e2ches plus r\u00e9chauffantes&nbsp;!<\/p>\n\n\n\n<p>Le jardinier, lui aussi, aura tout int\u00e9r\u00eat \u00e0 tailler par temps doux. Il consacrera plus volontiers du temps \u00e0 l\u2019observation et \u00e0 la r\u00e9flexion.<\/p>\n\n\n\n<p><em>Pour ceux qui souhaitent aller un peu plus loin<\/em>&nbsp;: c\u2019est l\u2019eau \u2013 et donc la s\u00e8ve \u2013 qui est susceptible de geler. Les d\u00e9g\u00e2ts de gel peuvent donc advenir si la s\u00e8ve n\u2019est pas encore descendue, ou d\u00e9j\u00e0 mont\u00e9e.<\/p>\n\n\n\n<p>D\u2019o\u00f9 la sensibilit\u00e9 des esp\u00e8ces m\u00e9diterran\u00e9ennes (ou exotiques) qui restent toujours en s\u00e8ve.<\/p>\n\n\n\n<p>F\u00e9vrier 1956 est un bel exemple de d\u00e9g\u00e2ts de gel&nbsp;: janvier exceptionnellement doux, avec mont\u00e9e de s\u00e8ve (les bourgeons ne gonflent pas, mais la s\u00e8ve est pr\u00e9sente dans le vaisseaux du bois) puis, fin janvier, arriv\u00e9e brusque du froid&nbsp;: le thermom\u00e8tre passe en quelques heures de + 15 \u00b0C \u00e0 \u2013 15 \u00b0C, ne laissant pas le temps \u00e0 la s\u00e8ve de redescendre (h\u00e9 oui, la s\u00e8ve peut, en fin d\u2019hiver, faire le yoyo&nbsp;: monter par temps doux puis redescendre par temps froid). D\u2019o\u00f9 des mortalit\u00e9s d\u2019arbres consid\u00e9rables, sur les esp\u00e8ces m\u00e9diterran\u00e9ennes comme l\u2019olivier, mais aussi, par exemple sur le ch\u00e2taignier&nbsp;: les ard\u00e9chois qui ont connu cette \u00e9poque disent qu\u2019ils entendaient les ch\u00e2taigniers \u00ab&nbsp;claquer&nbsp;\u00bb, suite \u00e0 quoi ils pouvaient glisser la lame de leur couteau dans la fente provoqu\u00e9e par le gel.<\/p>\n\n\n\n<p>Pour revenir au risque suppos\u00e9 d\u2019une taille par temps de gel&nbsp;: soit l\u2019arbre n\u2019est pas en s\u00e8ve et il n\u2019y a pas de gel possible&nbsp;; soit l\u2019arbre est en s\u00e8ve et il pourra y avoir des d\u00e9g\u00e2ts de gel (que l\u2019arbre soit taill\u00e9 ou non). On dit parfois, \u00e0 tort, que \u00ab&nbsp;le gel va entrer par la coupe&nbsp;\u00bb&nbsp;: s\u2019il fait \u2013 10\u00b0C, il fait de toutes fa\u00e7ons \u00e9galement \u2013 10\u00b0C dans la branche\u2026<\/p>\n\n\n\n<h3 class=\"wp-block-heading\"><span class=\"ez-toc-section\" id=\"Doit-on_tenir_compte_de_la_lune\"><\/span><strong><u>Doit-on tenir compte de la lune&nbsp;?<\/u><\/strong><span class=\"ez-toc-section-end\"><\/span><\/h3>\n\n\n\n<p>A&nbsp; mon avis, non.<\/p>\n\n\n\n<p><em>La bonne lune&nbsp;c\u2019est :<\/em><br>au cours du repos v\u00e9g\u00e9tatif,<br>et lorsque, par un temps cl\u00e9ment, vous pourrez prendre le temps d\u2019observer tranquillement vos arbres.<\/p>\n\n\n\n<p>Par ailleurs, n\u2019ayant aucune expertise en la mati\u00e8re, si vous pensez qu\u2019un calendrier lunaire doit \u00eatre respect\u00e9&nbsp;: bien s\u00fbr, faites-le&nbsp;!<\/p>\n\n\n\n<p><em>Un peu plus d\u2019explications.<\/em><\/p>\n\n\n\n<p>Tout, dans l\u2019univers, \u00e9tant reli\u00e9 \u00e0 tout, la lune est donc bien en lien avec vos arbres.<\/p>\n\n\n\n<p>Tenir compte de la lune (descendante\/montante&nbsp;? croissante\/d\u00e9croissante&nbsp;?) pour tailler, pr\u00e9suppose que l\u2019on attend de la \u00ab&nbsp;bonne lune&nbsp;\u00bb un effet sur la vigueur, la fertilit\u00e9 et la sant\u00e9 de l\u2019arbre. Si ces caract\u00e9ristiques sont conditionn\u00e9es par les astres, elles le sont bien plus encore par le climat, le sol, l\u2019alimentation de l\u2019arbre et l\u2019ensemble des interventions que l\u2019arbre a subi. Alors oui, la lune a bien une influence sur l\u2019arbre, mais une influence parmi tellement d\u2019autres que l\u2019on peut raisonnablement ne pas en tenir compte.<\/p>\n\n\n\n<p>Appuyons-nous sur les enseignements du terrain : le verger d\u2019un arboriculteur, avec ses centaines d\u2019arbres de la m\u00eame vari\u00e9t\u00e9, plant\u00e9s sur le m\u00eame porte-greffe, \u00e0 la m\u00eame date et dans le m\u00eame sol est bien monotone. Mais il pr\u00e9sente l\u2019avantage de pouvoir faire des observations int\u00e9ressantes. Ainsi, lorsqu\u2019un tel verger commence \u00e0 \u00eatre taill\u00e9 en plein hiver puis que l\u2019arboriculteur passe \u00e0 d\u2019autres travaux et termine la taille au gonflement du bourgeon, on constate g\u00e9n\u00e9ralement que les arbres taill\u00e9s tardivement fleurissent deux ou trois jours apr\u00e8s ceux taill\u00e9s plus pr\u00e9cocement, \u00e0 cause de l\u2019arr\u00eat de s\u00e8ve provoqu\u00e9 par cette taille tardive. Mais jamais un arboriculteur ne m\u2019a dit, par exemple : \u00ab J\u2019ai commenc\u00e9 \u00e0 tailler mon verger d\u00e9but janvier, puis me suis arr\u00eat\u00e9 et ai repris 15 jours apr\u00e8s. Et j\u2019observe maintenant une diff\u00e9rence de vigueur \/ de fertilit\u00e9 \/ au niveau sanitaire\u2026 D\u2019o\u00f9 cela pourrait-il provenir ? \u00bb.<\/p>\n\n\n\n<h3 class=\"wp-block-heading\"><span class=\"ez-toc-section\" id=\"Doit-on_proteger_les_coupes_consecutives_a_la_taille\"><\/span><strong><u>Doit-on prot\u00e9ger les coupes cons\u00e9cutives \u00e0 la taille&nbsp;?<\/u><\/strong><span class=\"ez-toc-section-end\"><\/span><\/h3>\n\n\n\n<p>Non.<\/p>\n\n\n\n<p>La cicatrisation est \u00ab&nbsp;plut\u00f4t moins bonne&nbsp;\u00bb lorsqu\u2019une coupe a \u00e9t\u00e9 badigeonn\u00e9e (la s\u00e8ve, ne pouvant s\u00e9cher, s\u2019accumule sous le badigeon, avec prolif\u00e9ration de bact\u00e9ries ou champignons).<\/p>\n\n\n\n<p>Je ne vois pas de raison, autre que commerciale, \u00e0 la vente de badigeons suppos\u00e9s cicatrisants.<\/p>\n\n\n\n<p>Pour aller plus loin&nbsp;: il est probable que l\u2019application de badigeons sur les coupes a \u00e9t\u00e9 une transposition des soins apport\u00e9s aux plaies de nous autres humains. L\u2019emploi d\u2019expressions comme \u00ab&nbsp;badigeons pour les plaies de taille&nbsp;\u00bb est r\u00e9v\u00e9lateur. Bien heureusement, l\u2019arbre a appris \u00e0 limiter la propagation des pathog\u00e8nes utilisant les tr\u00e8s nombreuses branches cass\u00e9es comme portes d\u2019entr\u00e9e.<\/p>\n\n\n\n<h3 class=\"wp-block-heading\"><span class=\"ez-toc-section\" id=\"Taille_de_formation_et_taille_de_fructification_quelle_difference\"><\/span><strong><u>Taille de formation et taille de fructification, quelle diff\u00e9rence&nbsp;?<\/u><\/strong><span class=\"ez-toc-section-end\"><\/span><\/h3>\n\n\n\n<p>La <strong>taille de formation<\/strong> modifie l\u2019architecture de l\u2019arbre (vu de loin, l\u2019arbre n\u2019est pas pareil avant et apr\u00e8s la taille). Elle concerne surtout les premi\u00e8res ann\u00e9es mais se poursuit peu ou prou toute la vie de l\u2019arbre par la taille d\u2019entretien.<\/p>\n\n\n\n<p>Elle concerne toutes les esp\u00e8ces et se fait au s\u00e9cateur, \u00e0 la scie ou \u00e0 la tron\u00e7onneuse.<\/p>\n\n\n\n<p>En <strong>taille de fructification<\/strong>, on ne supprime ou raccourcit que les rameaux ou brindilles portant des bourgeons \u00e0 fleur (vu de loin, l\u2019arbre \u00e0 la m\u00eame silhouette avant ou apr\u00e8s la taille).<\/p>\n\n\n\n<p><em>Elle se pratique au s\u00e9cateur pour&nbsp;:<\/em><br>r\u00e9duire <em><u>l\u2019\u00e9claircissage<\/u><\/em>,<br>et \/ ou pour rapprocher la fructification des charpenti\u00e8res (plus de pr\u00e9cisions dans \u00ab&nbsp;taille de l\u2019abricotier&nbsp;\u00bb).<\/p>\n\n\n\n<p>Pour des raisons d\u2019accessibilit\u00e9 bien compr\u00e9hensible, le noyer et le ch\u00e2taignier ne sont pas concern\u00e9s.<\/p>\n\n\n\n<p>Cette distinction entre taille de formation et taille de fructification est th\u00e9orique puisqu\u2019une taille de formation supprime des branches qui portent (ou allaient porter les ann\u00e9es suivantes) des fruits et qu\u2019une taille de fructification, par ses cons\u00e9quences sur le nombre de jeunes fruits au printemps va impacter la vigueur de l\u2019arbre \u2013 et donc sa forme &#8211; ainsi que son port. Mais cette distinction reste bien utile&nbsp;!<\/p>\n\n\n\n<p>Le jardinier s\u2019attachera surtout \u00e0 la taille de formation.<\/p>\n\n\n\n<p>Ne disposant pas de protection contre le gel en floraison et ayant par ailleurs du temps \u00e0 consacrer \u00e0 l\u2019\u00e9claircissage, il pourra faire une taille de fructification l\u00e9g\u00e8re, voire inexistante.<\/p>\n\n\n\n<h3 class=\"wp-block-heading\"><span class=\"ez-toc-section\" id=\"Faut-il_pratiquer_une_%C2%AB_taille_douce_%C2%BB\"><\/span><strong><u>Faut-il pratiquer une \u00ab&nbsp;taille douce&nbsp;\u00bb&nbsp;?<\/u><\/strong><span class=\"ez-toc-section-end\"><\/span><\/h3>\n\n\n\n<p>Une taille douce ne peut se d\u00e9finir qu\u2019en comparaison \u2013 ou en opposition \u2013 \u00e0 une taille qui ne serait pas douce, donc dure, ou s\u00e9v\u00e8re, et qui pourrait \u00eatre celle d\u2019un arboriculteur qui supprime les deux tiers d\u2019un p\u00eacher lorsqu\u2019il le taille, ou qui utilise des lamiers (gros taille-haie) mont\u00e9s sur tracteur. Rassurez-vous&nbsp;! Les arboriculteurs ne pratiquent pas une taille dure ou s\u00e9v\u00e8re, mais simplement une taille adapt\u00e9e \u00e0 leurs contraintes, leurs objectifs et leurs comp\u00e9tences.<\/p>\n\n\n\n<p>M\u00eame s\u2019il ne faut jamais se refuser de la douceur, l\u2019objectif de ce site n\u2019est donc pas de vous initier \u00e0 une \u00ab&nbsp;taille douce&nbsp;\u00bb, mais de vous aider \u00e0 adapter votre taille \u00e0 partir de l\u2019observation et du raisonnement.<\/p>\n\n\n\n<h3 class=\"wp-block-heading\"><span class=\"ez-toc-section\" id=\"Tailler_accroit-il_la_vigueur_de_larbre\"><\/span><strong><u>Tailler accro\u00eet-il la vigueur de l\u2019arbre&nbsp;<\/u><\/strong><span class=\"ez-toc-section-end\"><\/span><\/h3>\n\n\n\n<p>La r\u00e9ponse aux questions pr\u00e9c\u00e9dentes \u00e9tait simple&nbsp;: \u00ab&nbsp;oui&nbsp;\u00bb, \u00ab&nbsp;non&nbsp;\u00bb, ou un court d\u00e9veloppement suffisait.<\/p>\n\n\n\n<p>Cette question est plus d\u00e9licate et sera trait\u00e9e dans la rubrique \u00ab&nbsp;Quelques fondamentaux&nbsp;\u00bb.<\/p>\n\n\n\n<p>Disons simplement que \u2013 contrairement \u00e0 une croyance r\u00e9pandue \u2013la taille diminue le plus souvent la vigueur&nbsp;; mais elle l\u2019augmente parfois.<\/p>\n\n\n\n<h3 class=\"wp-block-heading\"><span class=\"ez-toc-section\" id=\"Mais_tailler_cest_quoi\"><\/span><strong><u>Mais tailler, c\u2019est quoi&nbsp;?<\/u><\/strong><span class=\"ez-toc-section-end\"><\/span><\/h3>\n\n\n\n<p>Oui, bien s\u00fbr, on aurait pu commencer par l\u00e0&nbsp;! Mieux vaut tard que jamais&nbsp;!<\/p>\n\n\n\n<p>Tailler, c\u2019est supprimer du v\u00e9g\u00e9tal, avec la main (pincement), le s\u00e9cateur, la scie ou la tron\u00e7onneuse.<\/p>\n\n\n\n<p>Le tailleur, comme le sculpteur, pratique par enl\u00e8vement.<\/p>\n\n\n\n<p>On taille, bien s\u00fbr, les branches, mais les racines sont parfois taill\u00e9es \u00e9galement, toujours lorsqu\u2019on souhaite affaiblir l\u2019arbre. C\u2019est ce que pratiquent les amateurs de bonza\u00ef&nbsp;: d\u00e9poter l\u2019arbre, couper les racines, le rempoter\u2026<\/p>\n\n\n\n<p>Dans des vergers trop vigoureux (pommiers souvent), les arboriculteurs coupent parfois les racines avec un tracteur \u00e9quip\u00e9 d\u2019une sous-soleuse (lame verticale entrant en terre de 50 cm environ). Cette op\u00e9ration est faite en mont\u00e9e de s\u00e8ve (gonflement du bourgeon).<\/p>\n","protected":false},"excerpt":{"rendered":"<p>Doit-on toujours tailler un arbre fruitier&nbsp;? Non, on n\u2019est jamais oblig\u00e9 de tailler un arbre. On ne taille pas un arbre parce que son voisin taille, ou parce qu&rsquo;on nous a dit de le faire : on coupe une branche pour une bonne raison. Pas de bonne raison&nbsp;? On laisse alors le s\u00e9cateur dans la [&hellip;]<\/p>\n","protected":false},"author":1,"featured_media":0,"parent":29,"menu_order":1,"comment_status":"closed","ping_status":"closed","template":"","meta":{"footnotes":""},"class_list":["post-327","page","type-page","status-publish","hentry"],"_links":{"self":[{"href":"https:\/\/tailler-greffer.fr\/index.php\/wp-json\/wp\/v2\/pages\/327","targetHints":{"allow":["GET"]}}],"collection":[{"href":"https:\/\/tailler-greffer.fr\/index.php\/wp-json\/wp\/v2\/pages"}],"about":[{"href":"https:\/\/tailler-greffer.fr\/index.php\/wp-json\/wp\/v2\/types\/page"}],"author":[{"embeddable":true,"href":"https:\/\/tailler-greffer.fr\/index.php\/wp-json\/wp\/v2\/users\/1"}],"replies":[{"embeddable":true,"href":"https:\/\/tailler-greffer.fr\/index.php\/wp-json\/wp\/v2\/comments?post=327"}],"version-history":[{"count":3,"href":"https:\/\/tailler-greffer.fr\/index.php\/wp-json\/wp\/v2\/pages\/327\/revisions"}],"predecessor-version":[{"id":335,"href":"https:\/\/tailler-greffer.fr\/index.php\/wp-json\/wp\/v2\/pages\/327\/revisions\/335"}],"up":[{"embeddable":true,"href":"https:\/\/tailler-greffer.fr\/index.php\/wp-json\/wp\/v2\/pages\/29"}],"wp:attachment":[{"href":"https:\/\/tailler-greffer.fr\/index.php\/wp-json\/wp\/v2\/media?parent=327"}],"curies":[{"name":"wp","href":"https:\/\/api.w.org\/{rel}","templated":true}]}}