{"id":340,"date":"2026-03-22T14:40:33","date_gmt":"2026-03-22T14:40:33","guid":{"rendered":"https:\/\/tailler-greffer.fr\/?page_id=340"},"modified":"2026-03-24T09:47:59","modified_gmt":"2026-03-24T09:47:59","slug":"et-si-lon-parlait-du-tailleur-et-de-la-tailleuse","status":"publish","type":"page","link":"https:\/\/tailler-greffer.fr\/index.php\/tailler\/et-si-lon-parlait-du-tailleur-et-de-la-tailleuse\/","title":{"rendered":"Et si l&rsquo;on parlait du tailleur &#8211; et de la tailleuse !"},"content":{"rendered":"\n<p>Des racines, un tronc, des branches (qui ont la m\u00eame \u00e9tymologie que \u00ab&nbsp;bras&nbsp;\u00bb)&nbsp;: l\u2019arbre se pr\u00eate \u00e0 merveille aux projections et aux identifications.<\/p>\n\n\n\n<p>Parler d\u2019arbre \u2013 et en particulier de taille et d\u2019\u00e9claircissage \u2013 sans se laisser envahir par la subjectivit\u00e9 et l\u2019affect est une gageure. Vous voulez une preuve&nbsp;? Madame, monsieur, allez donc tailler ensemble le vieux pommier au fond du jardin. Au risque de tomber dans les st\u00e9r\u00e9otypes de genre, on peut penser que monsieur va partir avec sa tron\u00e7onneuse, et madame avec un s\u00e9cateur ou peut-\u00eatre m\u00eame les mains dans les poches. Tous deux vont se regarder en coin, madame pensant qu\u2019il va lui faire du mal avec son gros machin et qu\u2019en lui coupant des branches, il va lui enlever plein de b\u00e9b\u00e9s fruits&nbsp;; monsieur se disant que les vieux arbres, c\u2019est comme les greniers&nbsp;: il ne faut pas h\u00e9siter \u00e0 faire du m\u00e9nage&nbsp;! Dispute garantie en moins de dix minutes.<\/p>\n\n\n\n<p>L\u2019intention de ce chapitre sur la taille n\u2019est pas de gommer la subjectivit\u00e9 et l&rsquo;affect, mais de l\u2019\u00e9clairer par une meilleure compr\u00e9hension du fonctionnement de l\u2019arbre. Que madame comprenne que, sur ce vieux pommier qui penche dangereusement, couper quelques branches va le r\u00e9\u00e9quilibrer et \u00e9vitera donc qu\u2019il ne tombe un jour de neige ou de grand vent ; et que monsieur sache que le pommier est tr\u00e8s sensible aux <em><u>br\u00fblures<\/u><\/em> et qu\u2019il faut donc tailler avec parcimonie dans le haut de la frondaison.<\/p>\n\n\n\n<p>Il est toujours fructueux de s\u2019interroger sur nos attentes lorsqu\u2019on plante un arbre. Des fleurs&nbsp;? Des fruits&nbsp;? Une silhouette&nbsp;? De l\u2019ombre&nbsp;?<\/p>\n\n\n\n<p>Et de s\u2019interroger sur notre comportement. Plut\u00f4t interventionniste ou plut\u00f4t \u00ab&nbsp;laisser faire la nature&nbsp;\u00bb&nbsp;?<\/p>\n\n\n\n<p>Et de s\u2019interroger \u00e9galement sur notre vision esth\u00e9tique de l\u2019arbre. Qu\u2019est-ce qu\u2019un bel arbre ? L\u00e0 encore, laissons nos attentes esth\u00e9tiques s\u2019exprimer\u2026 sans oublier les r\u00e8gles de fonctionnement de l\u2019arbre afin que l\u2019arbre soit beau\u2026 r\u00e9siliant et productif.<\/p>\n\n\n\n<p>Nous allons maintenant aborder ces \u00ab&nbsp;fondamentaux&nbsp;\u00bb de l\u2019arbre et de la taille.<\/p>\n","protected":false},"excerpt":{"rendered":"<p>Des racines, un tronc, des branches (qui ont la m\u00eame \u00e9tymologie que \u00ab&nbsp;bras&nbsp;\u00bb)&nbsp;: l\u2019arbre se pr\u00eate \u00e0 merveille aux projections et aux identifications. Parler d\u2019arbre \u2013 et en particulier de taille et d\u2019\u00e9claircissage \u2013 sans se laisser envahir par la subjectivit\u00e9 et l\u2019affect est une gageure. Vous voulez une preuve&nbsp;? Madame, monsieur, allez donc tailler [&hellip;]<\/p>\n","protected":false},"author":1,"featured_media":0,"parent":29,"menu_order":2,"comment_status":"closed","ping_status":"closed","template":"","meta":{"footnotes":""},"class_list":["post-340","page","type-page","status-publish","hentry"],"_links":{"self":[{"href":"https:\/\/tailler-greffer.fr\/index.php\/wp-json\/wp\/v2\/pages\/340","targetHints":{"allow":["GET"]}}],"collection":[{"href":"https:\/\/tailler-greffer.fr\/index.php\/wp-json\/wp\/v2\/pages"}],"about":[{"href":"https:\/\/tailler-greffer.fr\/index.php\/wp-json\/wp\/v2\/types\/page"}],"author":[{"embeddable":true,"href":"https:\/\/tailler-greffer.fr\/index.php\/wp-json\/wp\/v2\/users\/1"}],"replies":[{"embeddable":true,"href":"https:\/\/tailler-greffer.fr\/index.php\/wp-json\/wp\/v2\/comments?post=340"}],"version-history":[{"count":3,"href":"https:\/\/tailler-greffer.fr\/index.php\/wp-json\/wp\/v2\/pages\/340\/revisions"}],"predecessor-version":[{"id":349,"href":"https:\/\/tailler-greffer.fr\/index.php\/wp-json\/wp\/v2\/pages\/340\/revisions\/349"}],"up":[{"embeddable":true,"href":"https:\/\/tailler-greffer.fr\/index.php\/wp-json\/wp\/v2\/pages\/29"}],"wp:attachment":[{"href":"https:\/\/tailler-greffer.fr\/index.php\/wp-json\/wp\/v2\/media?parent=340"}],"curies":[{"name":"wp","href":"https:\/\/api.w.org\/{rel}","templated":true}]}}