{"id":35,"date":"2025-09-25T09:23:07","date_gmt":"2025-09-25T09:23:07","guid":{"rendered":"https:\/\/tailler-greffer.fr\/?page_id=35"},"modified":"2025-12-05T10:00:58","modified_gmt":"2025-12-05T10:00:58","slug":"bibliographie","status":"publish","type":"page","link":"https:\/\/tailler-greffer.fr\/index.php\/bibliographie\/","title":{"rendered":"Bibliographie"},"content":{"rendered":"\n<p><em>Le Livre des Arbres, Arbustes et Arbrisseaux<\/em>, de Pierre Lieutaghi traite, entre autres, des esp\u00e8ces fruiti\u00e8res. S\u2019il ne vous aidera pas pour tailler ou greffer vos arbres, ce gros ouvrage (1320 pages) vous permettra de mieux conna\u00eetre les esp\u00e8ces fruiti\u00e8res, foresti\u00e8res ou ornementales, en particulier leurs <a href=\"https:\/\/tailler-greffer.fr\/index.php\/lexique#sourcedenergie\" data-type=\"page\" data-id=\"33\">usages <\/a>th\u00e9rapeutiques.<\/p>\n\n\n\n<p><em><a href=\"https:\/\/www.ctifl.fr\/livres-en-vente\">Les livres du CTIFL (Centre Technique Interprofessionnel Fruits et L\u00e9gumes)<\/a><\/em><\/p>\n\n\n\n<p>sont destin\u00e9s aux arboriculteurs. Le jardinier curieux trouvera une foule d\u2019informations de grande qualit\u00e9 dans les ouvrages de synth\u00e8se par esp\u00e8ce (monographies)&nbsp;: Le Pommier, Le Poirier (il manque un ouvrage sur le coing, dommage&nbsp;!), La Cerise, Le P\u00eacher, L\u2019Abricotier, L\u2019Amandier (pas d\u2019ouvrage sur La Prune, mais un sur La Mirabelle, un autre sur La Reine-Claude qui abordent de nombreux aspects communs \u00e0 tous les pruniers), Le Noisetier, Le Ch\u00e2taignier, Le Noyer, Le Kiwi, Le Figuier (rien \u00e0 ce jour sur l\u2019Olivier\u2026).<\/p>\n\n\n\n<p>Prix variant de 20 \u00e0 60 euros selon les ouvrages.<\/p>\n\n\n\n<p>La commande est parfois fastidieuse, mais on finit par y arriver&nbsp;!<\/p>\n","protected":false},"excerpt":{"rendered":"<p>Le Livre des Arbres, Arbustes et Arbrisseaux, de Pierre Lieutaghi traite, entre autres, des esp\u00e8ces fruiti\u00e8res. S\u2019il ne vous aidera pas pour tailler ou greffer vos arbres, ce gros ouvrage (1320 pages) vous permettra de mieux conna\u00eetre les esp\u00e8ces fruiti\u00e8res, foresti\u00e8res ou ornementales, en particulier leurs usages th\u00e9rapeutiques. Les livres du CTIFL (Centre Technique Interprofessionnel [&hellip;]<\/p>\n","protected":false},"author":1,"featured_media":0,"parent":0,"menu_order":5,"comment_status":"closed","ping_status":"closed","template":"","meta":{"footnotes":""},"class_list":["post-35","page","type-page","status-publish","hentry"],"_links":{"self":[{"href":"https:\/\/tailler-greffer.fr\/index.php\/wp-json\/wp\/v2\/pages\/35","targetHints":{"allow":["GET"]}}],"collection":[{"href":"https:\/\/tailler-greffer.fr\/index.php\/wp-json\/wp\/v2\/pages"}],"about":[{"href":"https:\/\/tailler-greffer.fr\/index.php\/wp-json\/wp\/v2\/types\/page"}],"author":[{"embeddable":true,"href":"https:\/\/tailler-greffer.fr\/index.php\/wp-json\/wp\/v2\/users\/1"}],"replies":[{"embeddable":true,"href":"https:\/\/tailler-greffer.fr\/index.php\/wp-json\/wp\/v2\/comments?post=35"}],"version-history":[{"count":3,"href":"https:\/\/tailler-greffer.fr\/index.php\/wp-json\/wp\/v2\/pages\/35\/revisions"}],"predecessor-version":[{"id":158,"href":"https:\/\/tailler-greffer.fr\/index.php\/wp-json\/wp\/v2\/pages\/35\/revisions\/158"}],"wp:attachment":[{"href":"https:\/\/tailler-greffer.fr\/index.php\/wp-json\/wp\/v2\/media?parent=35"}],"curies":[{"name":"wp","href":"https:\/\/api.w.org\/{rel}","templated":true}]}}