{"id":37,"date":"2025-09-25T09:24:22","date_gmt":"2025-09-25T09:24:22","guid":{"rendered":"https:\/\/tailler-greffer.fr\/?page_id=37"},"modified":"2026-03-03T09:58:21","modified_gmt":"2026-03-03T09:58:21","slug":"qui-suis-je","status":"publish","type":"page","link":"https:\/\/tailler-greffer.fr\/index.php\/qui-suis-je\/","title":{"rendered":"Qui suis-je ?"},"content":{"rendered":"\n<p>Ing\u00e9nieur agronome.<\/p>\n\n\n\n<p>Durant plus de 35 ans, <strong>conseiller<\/strong> en petits fruits, ch\u00e2taigne et arboriculture (fruits \u00e0 noyaux et \u00e0 p\u00e9pins) pour des agriculteurs apporteurs en coop\u00e9rative (Ard\u00e8che et Dr\u00f4me)<\/p>\n\n\n\n<p>En parall\u00e8le, et depuis 50 ans, je plante, greffe et taille des arbres sur mon lieu de vie, en centre-Ard\u00e8che.<\/p>\n\n\n\n<p>Maintenant \u00e0 la retraite, je souhaite poursuivre la cha\u00eene de transmission.<\/p>\n","protected":false},"excerpt":{"rendered":"<p>Ing\u00e9nieur agronome. Durant plus de 35 ans, conseiller en petits fruits, ch\u00e2taigne et arboriculture (fruits \u00e0 noyaux et \u00e0 p\u00e9pins) pour des agriculteurs apporteurs en coop\u00e9rative (Ard\u00e8che et Dr\u00f4me) En parall\u00e8le, et depuis 50 ans, je plante, greffe et taille des arbres sur mon lieu de vie, en centre-Ard\u00e8che. Maintenant \u00e0 la retraite, je souhaite [&hellip;]<\/p>\n","protected":false},"author":1,"featured_media":0,"parent":0,"menu_order":6,"comment_status":"closed","ping_status":"closed","template":"","meta":{"footnotes":""},"class_list":["post-37","page","type-page","status-publish","hentry"],"_links":{"self":[{"href":"https:\/\/tailler-greffer.fr\/index.php\/wp-json\/wp\/v2\/pages\/37","targetHints":{"allow":["GET"]}}],"collection":[{"href":"https:\/\/tailler-greffer.fr\/index.php\/wp-json\/wp\/v2\/pages"}],"about":[{"href":"https:\/\/tailler-greffer.fr\/index.php\/wp-json\/wp\/v2\/types\/page"}],"author":[{"embeddable":true,"href":"https:\/\/tailler-greffer.fr\/index.php\/wp-json\/wp\/v2\/users\/1"}],"replies":[{"embeddable":true,"href":"https:\/\/tailler-greffer.fr\/index.php\/wp-json\/wp\/v2\/comments?post=37"}],"version-history":[{"count":3,"href":"https:\/\/tailler-greffer.fr\/index.php\/wp-json\/wp\/v2\/pages\/37\/revisions"}],"predecessor-version":[{"id":272,"href":"https:\/\/tailler-greffer.fr\/index.php\/wp-json\/wp\/v2\/pages\/37\/revisions\/272"}],"wp:attachment":[{"href":"https:\/\/tailler-greffer.fr\/index.php\/wp-json\/wp\/v2\/media?parent=37"}],"curies":[{"name":"wp","href":"https:\/\/api.w.org\/{rel}","templated":true}]}}