{"id":372,"date":"2026-03-22T16:55:38","date_gmt":"2026-03-22T16:55:38","guid":{"rendered":"https:\/\/tailler-greffer.fr\/?page_id=372"},"modified":"2026-03-24T09:48:37","modified_gmt":"2026-03-24T09:48:37","slug":"la-decision-de-tailler-ou-pas-une-musique-a-4-temps","status":"publish","type":"page","link":"https:\/\/tailler-greffer.fr\/index.php\/tailler\/la-decision-de-tailler-ou-pas-une-musique-a-4-temps\/","title":{"rendered":"La d\u00e9cision de tailler (ou pas) : une musique \u00e0 4 temps bas\u00e9e sur l&rsquo;observation"},"content":{"rendered":"\n<p><em>Devant un arbre, je vous propose une d\u00e9marche en quatre temps (trois questions puis une d\u00e9cision)&nbsp;:<\/em><\/p>\n\n\n\n<p><strong><em>Premier temps&nbsp;: quelle est l\u2019histoire de cet arbre&nbsp;?<\/em><\/strong><\/p>\n\n\n\n<p><em>Quel \u00e2ge&nbsp;? Quelle forme fruiti\u00e8re&nbsp;? Quelle vigueur&nbsp;? Quelle fructification&nbsp;? Quelles interventions pass\u00e9es dont on peut voir les cons\u00e9quences&nbsp;?<\/em><\/p>\n\n\n\n<p><strong><em>Deuxi\u00e8mement&nbsp;: quel est son avenir&nbsp;?<\/em><\/strong><\/p>\n\n\n\n<p><em>Va-t-il beaucoup cro\u00eetre&nbsp;? En hauteur&nbsp;? En largeur&nbsp;? Se ramifier&nbsp;? Porter des fruits&nbsp;? Beaucoup&nbsp;? Situ\u00e9s o\u00f9&nbsp;?<\/em><\/p>\n\n\n\n<p><strong><em>Troisi\u00e8mement&nbsp;: cet avenir me convient-il&nbsp;?<\/em><\/strong><\/p>\n\n\n\n<p><strong><em>Et, quatri\u00e8me et dernier temps, une d\u00e9cision&nbsp;:<\/em><\/strong><\/p>\n\n\n\n<p><strong><em>Si cet avenir me convient, je ne taille pas,<\/em><\/strong><\/p>\n\n\n\n<p><strong><em>Si non, je taille<\/em><\/strong><em>,<\/em><\/p>\n\n\n\n<p><em style=\"letter-spacing: -0.22px;\">parce que, par exemple, les fruits vont \u00eatre trop hauts et peu accessibles&nbsp;: c\u2019est \u00ab&nbsp;<u>tailler pour le tailleur<\/u>&nbsp;\u00bb,ou, autre exemple, parce que l\u2019arbre risque de se fendre au niveau d\u2019une fourche&nbsp;: c\u2019est \u00ab&nbsp;<u>tailler pour l\u2019arbre<\/u>&nbsp;\u00bbLe premier temps, <strong>l\u2019histoire de l\u2019arbre<\/strong>, va \u00eatre le fil directeur de ce qui va suivre. Apprendre, par l\u2019observation, \u00e0 \u00ab&nbsp;lire&nbsp;\u00bb un arbre.<\/em><\/p>\n\n\n\n<p><em>Apr\u00e8s chaque observation, les trois autres temps seront abord\u00e9s mais, pour \u00e9viter les lourdeurs, sans \u00eatre formellement d\u00e9sign\u00e9es.<\/em><\/p>\n\n\n\n<p><em>????????????????????????????????<\/em><\/p>\n\n\n\n<p><em>Pr\u00e9f\u00e9rer&nbsp;: 1) Quelle est l\u2019histoire de cet arbre<\/em><\/p>\n\n\n\n<p><em>Puis 2) Quel est son avenir&nbsp;?<\/em><\/p>\n\n\n\n<p><em>Nous allons commencer par 5 observations qui ne sont \u00e0 faire que la premi\u00e8re fois (elles portent sur des caract\u00e9ristiques qui ne changent pas d\u2019une saison \u00e0 l\u2019autre)&nbsp;:<\/em><\/p>\n\n\n\n<p><strong><u>De quelle esp\u00e8ce s\u2019agit-il&nbsp;?<\/u><\/strong><\/p>\n\n\n\n<p>La question peut faire sourire, mais on peut \u00eatre appel\u00e9 \u00e0 tailler des arbres dont on ne conna\u00eet rien \u2013 m\u00eame pas l\u2019esp\u00e8ce fruiti\u00e8re&nbsp;! Est-on s\u00fbr de savoir diff\u00e9rencier un abricotier d\u2019un prunier&nbsp;; un prunier d\u2019un amandier&nbsp;; un pommier d\u2019un poirier&nbsp;? Un poirier d\u2019un cormier&nbsp;? Un cognassier d\u2019un n\u00e9flier&nbsp;? Un jeune figuier d\u2019un jeune noyer non greff\u00e9&nbsp;?<\/p>\n\n\n\n<p>Reconna\u00eetre une esp\u00e8ce fruiti\u00e8re est affaire de physionomie&nbsp;: nous int\u00e9grons un ensemble de crit\u00e8res qui am\u00e8nent \u00e0 penser qu\u2019il s\u2019agit plut\u00f4t de Pierre que de Paul\u2026 ou plut\u00f4t d\u2019un abricotier que d\u2019un prunier&nbsp;! Et plus on c\u00f4toie les arbres et plus on affine son aptitude au discernement.<\/p>\n\n\n\n<p>Si on ne peut que rarement changer d\u2019esp\u00e8ce fruiti\u00e8re \u2013 c\u2019est parfois possible par le surgreffage d\u2019un jeune arbre \u2013 la connaissance de l\u2019esp\u00e8ce est un pr\u00e9alable indispensable \u00e0 la taille&nbsp;: on ne forme pas de la m\u00eame fa\u00e7on un abricotier dont on r\u00e9coltera les fruits depuis le sol et un prunier dont on secouera les branches&nbsp;!<br><strong><u>Quelle vari\u00e9t\u00e9&nbsp;?<\/u><\/strong><\/p>\n\n\n\n<p>Rassurez-vous&nbsp;: m\u00eame les meilleurs experts sont incapables de diff\u00e9rencier les tr\u00e8s nombreuses vari\u00e9t\u00e9s (plusieurs milliers pour la p\u00eache ou la pomme). Mais ils peuvent les rapprocher de certains types&nbsp;: plus ou moins acrotone ou basitone&nbsp;; bois fin et souple ou trapu et rigide&nbsp;; branches plus ou moins ramifi\u00e9es\u2026<\/p>\n\n\n\n<p>Le jardinier, lui, aura progress\u00e9 s\u2019il discerne un type de pommier acrotone (comme Reine des Reinette) ou plus basitone (comme Reinette Grise du Canada) et qu\u2019il en tient compte dans la formation de l\u2019arbre (s\u2019il souhaite le former et non le laisser en port libre).<\/p>\n\n\n\n<p><strong><u>L\u2019arbre est-il greff\u00e9&nbsp;?<\/u><\/strong><\/p>\n\n\n\n<p>Si toutes les esp\u00e8ces fruiti\u00e8res peuvent \u00eatre multipli\u00e9es par semis \u2013 et par bouture pour certaines \u2013 la quasi-totalit\u00e9 des arbres issus de p\u00e9pini\u00e8re ont \u00e9t\u00e9 greff\u00e9s, \u00e0 l\u2019exception du figuier, de l\u2019olivier, du kiwi, du noisetier et des esp\u00e8ces de petits fruits qui elles sont multipli\u00e9es par boutures (par drageon pour le framboisier, par marcotte pour la m\u00fbre).<\/p>\n\n\n\n<p>Discerner l\u2019emplacement de la greffe (que l\u2019on appelle le \u00ab&nbsp;point de greffe&nbsp;\u00bb) permet d\u2019\u00e9viter quelques erreurs lourdes de cons\u00e9quences&nbsp;: conserver des pousses sous la greffe (en croyant qu\u2019elles sont greff\u00e9es), voire couper sous la greffe pour les favoriser&nbsp;!<\/p>\n\n\n\n<p><strong><u>Quel tronc&nbsp;?<\/u><\/strong><\/p>\n\n\n\n<p>Parler du tronc dans la rubrique \u00ab&nbsp;plantation&nbsp;\u00bb, ou l\u2019aborder ici&nbsp;????<\/p>\n\n\n\n<p>Devant un arbre, s\u00e9cateur et scie \u00e0 la main, la hauteur du tronc est une donn\u00e9e que l\u2019on ne pourra que rarement modifier (on le peut parfois sur un jeune arbre). Mais y pr\u00eater attention est toujours int\u00e9ressant. Pourquoi cette hauteur de tronc&nbsp;? \u00c9tait-ce un choix ou a-t-elle \u00e9t\u00e9 subie (le p\u00e9pini\u00e9riste n\u2019avait peut-\u00eatre pas d\u2019autre type de plant \u00e0 proposer)&nbsp;? Et si la hauteur du tronc convenait \u00e0 la plantation, il y a vingt ans, est-elle toujours adapt\u00e9e aujourd\u2019hui&nbsp;?<\/p>\n\n\n\n<p><strong><u>Quel environnement&nbsp;?<\/u><\/strong><\/p>\n\n\n\n<p>L\u2019arbre est-il isol\u00e9&nbsp;? Entour\u00e9 d\u2019autres arbres&nbsp;? Si c\u2019est le cas, les autres arbres peuvent-ils lui faire de la concurrence par leurs branches pour la lumi\u00e8re&nbsp;; ou par leurs racines pour l\u2019alimentation en eau et en \u00e9l\u00e9ments min\u00e9raux&nbsp;?<\/p>\n\n\n\n<p>Est-il abrit\u00e9 du vent&nbsp;?<\/p>\n\n\n\n<p>Si le terrain est en pente, est-il expos\u00e9 au nord ou au sud.<\/p>\n\n\n\n<p>Que sait-on du terrain&nbsp;: plut\u00f4t favorable ou d\u00e9favorable \u00e0 cette esp\u00e8ce fruiti\u00e8re&nbsp;?<\/p>\n\n\n\n<p><em>Puis nous allons continuer avec xxx questions qui seront \u00e0 se poser chaque ann\u00e9e&nbsp;:<\/em><\/p>\n\n\n\n<p><strong><u>Quel \u00e2ge&nbsp;? Quel stade de d\u00e9veloppement&nbsp;?<\/u><\/strong><\/p>\n\n\n\n<p>L\u2019\u00e2ge d\u2019un arbre peut \u00eatre exactement connu en coupant son tronc et en comptant les cernes de croissance, mais \u00e9vitons cette m\u00e9thode destructrice&nbsp;!<\/p>\n\n\n\n<p>Jusqu\u2019\u00e0 4 ou 5 ans (parfois plus selon les esp\u00e8ces et la conduite), l\u2019\u00e2ge peut \u00eatre d\u00e9duit des \u00e9tages successifs de croissance SCHEMA.<\/p>\n\n\n\n<p>Au-del\u00e0, il ne peut qu\u2019\u00eatre estim\u00e9 d\u2019apr\u00e8s le volume de l\u2019arbre, le diam\u00e8tre du tronc, l\u2019aspect de l\u2019\u00e9corce (lisse ou rugueuse).<\/p>\n\n\n\n<p><em>Dans lequel des 3 stades de d\u00e9veloppement l\u2019arbre se trouve t-il&nbsp;?<\/em><\/p>\n\n\n\n<ul class=\"wp-block-list\">\n<li><span style=\"letter-spacing: -0.22px;\">Phase<\/span><strong style=\"letter-spacing: -0.22px;\"> juv\u00e9nile<\/strong><span style=\"letter-spacing: -0.22px;\">&nbsp;: croissance forte du syst\u00e8me a\u00e9rien (et racinaire), production absente ou faible,<\/span><\/li>\n\n\n\n<li>Phase de <strong>maturit\u00e9<\/strong>&nbsp;: l\u2019arbre continue de cro\u00eetre, la production (ou au moins la floraison) est r\u00e9guli\u00e8re,<\/li>\n<\/ul>\n\n\n\n<p><span style=\"letter-spacing: -0.22px;\">Le choix de la forme fruiti\u00e8re sera fait en phase juv\u00e9nile, puis entretenu en phase de maturit\u00e9.<\/span><\/p>\n\n\n\n<p><span style=\"letter-spacing: -0.22px;\">Phase de <\/span><strong style=\"letter-spacing: -0.22px;\">s\u00e9nescence<\/strong><span style=\"letter-spacing: -0.22px;\">&nbsp;: la croissance est faible, la production irr\u00e9guli\u00e8re ou faible&nbsp;; des branches commencent \u00e0 d\u00e9p\u00e9rir.<\/span><\/p>\n\n\n\n<p>Mieux vaut laisser l\u2019arbre tranquille en phase de s\u00e9nescence&nbsp;: les interventions pour le \u00ab&nbsp;relancer&nbsp;\u00bb sont souvent vaines. Dans un souci d\u2019esth\u00e9tique, ou pourra se contenter de couper les branches mortes.<\/p>\n\n\n\n<p><strong><u>L\u2019arbre pr\u00e9sente t-il des \u00ab&nbsp;points de faiblesse&nbsp;\u00bb&nbsp;?<\/u><\/strong><\/p>\n\n\n\n<p>D\u00e9veloppement<\/p>\n\n\n\n<p><strong><u>Quelle forme fruiti\u00e8re&nbsp;?<\/u><\/strong><\/p>\n\n\n\n<p>D\u00e9veloppement<\/p>\n\n\n\n<p><strong><u>Quelle vigueur&nbsp;?<\/u><\/strong><\/p>\n\n\n\n<p>D\u00e9veloppement<\/p>\n\n\n\n<p><strong><u>Quelle fructification&nbsp;?<\/u><\/strong><\/p>\n\n\n\n<p>D\u00e9veloppement<\/p>\n\n\n\n<p><strong><u>Quelles interventions pass\u00e9es dont on peut voir les cons\u00e9quences&nbsp;?<\/u><\/strong><\/p>\n\n\n\n<p>D\u00e9veloppement<\/p>\n","protected":false},"excerpt":{"rendered":"<p>Devant un arbre, je vous propose une d\u00e9marche en quatre temps (trois questions puis une d\u00e9cision)&nbsp;: Premier temps&nbsp;: quelle est l\u2019histoire de cet arbre&nbsp;? Quel \u00e2ge&nbsp;? Quelle forme fruiti\u00e8re&nbsp;? Quelle vigueur&nbsp;? Quelle fructification&nbsp;? Quelles interventions pass\u00e9es dont on peut voir les cons\u00e9quences&nbsp;? Deuxi\u00e8mement&nbsp;: quel est son avenir&nbsp;? Va-t-il beaucoup cro\u00eetre&nbsp;? En hauteur&nbsp;? En largeur&nbsp;? Se [&hellip;]<\/p>\n","protected":false},"author":1,"featured_media":0,"parent":29,"menu_order":5,"comment_status":"closed","ping_status":"closed","template":"","meta":{"footnotes":""},"class_list":["post-372","page","type-page","status-publish","hentry"],"_links":{"self":[{"href":"https:\/\/tailler-greffer.fr\/index.php\/wp-json\/wp\/v2\/pages\/372","targetHints":{"allow":["GET"]}}],"collection":[{"href":"https:\/\/tailler-greffer.fr\/index.php\/wp-json\/wp\/v2\/pages"}],"about":[{"href":"https:\/\/tailler-greffer.fr\/index.php\/wp-json\/wp\/v2\/types\/page"}],"author":[{"embeddable":true,"href":"https:\/\/tailler-greffer.fr\/index.php\/wp-json\/wp\/v2\/users\/1"}],"replies":[{"embeddable":true,"href":"https:\/\/tailler-greffer.fr\/index.php\/wp-json\/wp\/v2\/comments?post=372"}],"version-history":[{"count":2,"href":"https:\/\/tailler-greffer.fr\/index.php\/wp-json\/wp\/v2\/pages\/372\/revisions"}],"predecessor-version":[{"id":375,"href":"https:\/\/tailler-greffer.fr\/index.php\/wp-json\/wp\/v2\/pages\/372\/revisions\/375"}],"up":[{"embeddable":true,"href":"https:\/\/tailler-greffer.fr\/index.php\/wp-json\/wp\/v2\/pages\/29"}],"wp:attachment":[{"href":"https:\/\/tailler-greffer.fr\/index.php\/wp-json\/wp\/v2\/media?parent=372"}],"curies":[{"name":"wp","href":"https:\/\/api.w.org\/{rel}","templated":true}]}}