{"id":39,"date":"2025-09-25T09:25:44","date_gmt":"2025-09-25T09:25:44","guid":{"rendered":"https:\/\/tailler-greffer.fr\/?page_id=39"},"modified":"2025-11-20T15:55:25","modified_gmt":"2025-11-20T15:55:25","slug":"contact","status":"publish","type":"page","link":"https:\/\/tailler-greffer.fr\/index.php\/contact\/","title":{"rendered":"Contact"},"content":{"rendered":"\n<p><a href=\"mailto:yves.bersinger@orange.fr\">yves.bersinger@orange.fr<\/a> vous permettra de me contacter &#8211; dans l\u2019int\u00e9r\u00eat de tous les visiteurs de ce site \u2013 pour\u00a0:<\/p>\n\n\n\n<ul class=\"wp-block-list\">\n<li>me faire part de vos remarques, sur le fond comme sur la forme,<\/li>\n\n\n\n<li>partager votre exp\u00e9rience. Ne vous \u00e9tonnez pas si je ne les int\u00e8gre pas \u2013 ou pas tout de suite \u2013 dans le site. D\u00e9sireux de partager un v\u00e9cu, je ne le ferai qu\u2019apr\u00e8s me les \u00eatre appropri\u00e9es.<\/li>\n<\/ul>\n","protected":false},"excerpt":{"rendered":"<p>yves.bersinger@orange.fr vous permettra de me contacter &#8211; dans l\u2019int\u00e9r\u00eat de tous les visiteurs de ce site \u2013 pour\u00a0:<\/p>\n","protected":false},"author":1,"featured_media":0,"parent":0,"menu_order":7,"comment_status":"closed","ping_status":"closed","template":"","meta":{"footnotes":""},"class_list":["post-39","page","type-page","status-publish","hentry"],"_links":{"self":[{"href":"https:\/\/tailler-greffer.fr\/index.php\/wp-json\/wp\/v2\/pages\/39","targetHints":{"allow":["GET"]}}],"collection":[{"href":"https:\/\/tailler-greffer.fr\/index.php\/wp-json\/wp\/v2\/pages"}],"about":[{"href":"https:\/\/tailler-greffer.fr\/index.php\/wp-json\/wp\/v2\/types\/page"}],"author":[{"embeddable":true,"href":"https:\/\/tailler-greffer.fr\/index.php\/wp-json\/wp\/v2\/users\/1"}],"replies":[{"embeddable":true,"href":"https:\/\/tailler-greffer.fr\/index.php\/wp-json\/wp\/v2\/comments?post=39"}],"version-history":[{"count":4,"href":"https:\/\/tailler-greffer.fr\/index.php\/wp-json\/wp\/v2\/pages\/39\/revisions"}],"predecessor-version":[{"id":102,"href":"https:\/\/tailler-greffer.fr\/index.php\/wp-json\/wp\/v2\/pages\/39\/revisions\/102"}],"wp:attachment":[{"href":"https:\/\/tailler-greffer.fr\/index.php\/wp-json\/wp\/v2\/media?parent=39"}],"curies":[{"name":"wp","href":"https:\/\/api.w.org\/{rel}","templated":true}]}}