{"id":412,"date":"2026-03-25T09:26:45","date_gmt":"2026-03-25T09:26:45","guid":{"rendered":"https:\/\/tailler-greffer.fr\/?page_id=412"},"modified":"2026-04-03T08:21:41","modified_gmt":"2026-04-03T08:21:41","slug":"greffer-cest-quoi","status":"publish","type":"page","link":"https:\/\/tailler-greffer.fr\/index.php\/greffer\/greffer-cest-quoi\/","title":{"rendered":"Greffer, c&rsquo;est quoi ?"},"content":{"rendered":"\n<p>Greffer est une multiplication v\u00e9g\u00e9tative, au m\u00eame titre que la marcotte ou la bouture : on coupe le v\u00e9g\u00e9tal en petits bouts.<\/p>\n\n\n\n<p>Mais le greffage est un peu plus : c&rsquo;est la cr\u00e9ation d&rsquo;une chim\u00e8re, l&rsquo;association de deux individus, souvent de la m\u00eame esp\u00e8ce, parfois d&rsquo;esp\u00e8ces diff\u00e9rente.<\/p>\n\n\n\n<p>L&rsquo;un est le porte-greffe : il apporte les racines.<\/p>\n\n\n\n<p>L&rsquo;autre est le greffon : il apporte la partie a\u00e9rienne, qui portera les feuilles et les fruits, identiques \u00e0 l&rsquo;arbre sur lequel a \u00e9t\u00e9 pris le greffon.<\/p>\n\n\n\n<p>L&rsquo;art du greffage : associer correctement le porte-greffe et le greffon afin qu&rsquo;il y ait fusion des deux individus.<\/p>\n\n\n\n<p>Il y a mille mani\u00e8res de greffer (et chaque greffeur a la meilleure), mais un principe unique :<\/p>\n\n\n\n<p class=\"has-text-color\" style=\"color:#f70707\"><strong>juxtaposer le cambium du porte-greffe avec celui<\/strong><strong>&nbsp;du greffon.<\/strong><\/p>\n\n\n\n<div class=\"wp-block-columns alignwide is-layout-flex wp-container-core-columns-is-layout-28f84493 wp-block-columns-is-layout-flex\">\n<div class=\"wp-block-column is-layout-flow wp-block-column-is-layout-flow\" style=\"flex-basis:66.66%\">\n<figure class=\"wp-block-image size-full\"><img loading=\"lazy\" decoding=\"async\" width=\"958\" height=\"464\" src=\"https:\/\/tailler-greffer.fr\/wp-content\/uploads\/2026\/04\/Bois-liber-suber-chataignier-avec-legende-1.webp\" alt=\"\" class=\"wp-image-508\" srcset=\"https:\/\/tailler-greffer.fr\/wp-content\/uploads\/2026\/04\/Bois-liber-suber-chataignier-avec-legende-1.webp 958w, https:\/\/tailler-greffer.fr\/wp-content\/uploads\/2026\/04\/Bois-liber-suber-chataignier-avec-legende-1-500x242.webp 500w, https:\/\/tailler-greffer.fr\/wp-content\/uploads\/2026\/04\/Bois-liber-suber-chataignier-avec-legende-1-768x372.webp 768w\" sizes=\"auto, (max-width: 958px) 100vw, 958px\" \/><\/figure>\n<\/div>\n\n\n\n<div class=\"wp-block-column is-vertically-aligned-center is-layout-flow wp-block-column-is-layout-flow\" style=\"flex-basis:33.33%\">\n<p>Le cambium est une mince couche cellulaire entre le liber et le bois. Au printemps et en \u00e9t\u00e9, ces cellules jeunes vont se diviser et se diff\u00e9rencier en liber \u00e0 l&rsquo;ext\u00e9rieur et en bois \u00e0 l&rsquo;int\u00e9rieur.<\/p>\n<\/div>\n<\/div>\n\n\n\n<p>Au niveau de la coupe d&rsquo;une branche, le cambium forme un cal cicatriciel (parfois bien visible, mais pas toujours). Si les cambiums sont bien ajust\u00e9s, les cals cicatriciels vont fusionner, assurant une continuit\u00e9 entre les deux individus : la greffe a pris.<\/p>\n\n\n\n<p>Greffer, c&rsquo;est donc parler de cambium : de son \u00e9tat (en division ou non), de son bon ajustement entre le porte-greffe et le greffon, puis, une fois la greffe r\u00e9alis\u00e9e, de sa protection contre l&rsquo;air et l&rsquo;eau.<\/p>\n\n\n\n<p>Pour aller plus loin : il est int\u00e9ressant de se demander quelle forme \u00e0 la jonction des deux cambiums. Par exemple :<br>Greffe en fente : une ligne de cambium pour le porte-greffe et une ligne pour le greffon. Si la greffe est bien ajust\u00e9e, la jonction est une ligne ; moins bien ajust\u00e9e : un point ; encore moins bien ajust\u00e9e : rien du tout !<br>Greffe en couronne : un plan pour le porte-greffe et deux lignes pour le greffon. La greffe s&rsquo;ajuste sans difficult\u00e9 et la jonction est donc constitu\u00e9e par deux lignes (une \u00e0 minima).<br>Greffe en \u00e9cusson : un plan pour le porte-greffe et un plan pour le greffon. La jonction est constitu\u00e9e par un plan.<\/p>\n","protected":false},"excerpt":{"rendered":"<p>Greffer est une multiplication v\u00e9g\u00e9tative, au m\u00eame titre que la marcotte ou la bouture : on coupe le v\u00e9g\u00e9tal en petits bouts. Mais le greffage est un peu plus : c&rsquo;est la cr\u00e9ation d&rsquo;une chim\u00e8re, l&rsquo;association de deux individus, souvent de la m\u00eame esp\u00e8ce, parfois d&rsquo;esp\u00e8ces diff\u00e9rente. L&rsquo;un est le porte-greffe : il apporte les [&hellip;]<\/p>\n","protected":false},"author":1,"featured_media":0,"parent":31,"menu_order":4,"comment_status":"closed","ping_status":"closed","template":"","meta":{"footnotes":""},"class_list":["post-412","page","type-page","status-publish","hentry"],"_links":{"self":[{"href":"https:\/\/tailler-greffer.fr\/index.php\/wp-json\/wp\/v2\/pages\/412","targetHints":{"allow":["GET"]}}],"collection":[{"href":"https:\/\/tailler-greffer.fr\/index.php\/wp-json\/wp\/v2\/pages"}],"about":[{"href":"https:\/\/tailler-greffer.fr\/index.php\/wp-json\/wp\/v2\/types\/page"}],"author":[{"embeddable":true,"href":"https:\/\/tailler-greffer.fr\/index.php\/wp-json\/wp\/v2\/users\/1"}],"replies":[{"embeddable":true,"href":"https:\/\/tailler-greffer.fr\/index.php\/wp-json\/wp\/v2\/comments?post=412"}],"version-history":[{"count":3,"href":"https:\/\/tailler-greffer.fr\/index.php\/wp-json\/wp\/v2\/pages\/412\/revisions"}],"predecessor-version":[{"id":509,"href":"https:\/\/tailler-greffer.fr\/index.php\/wp-json\/wp\/v2\/pages\/412\/revisions\/509"}],"up":[{"embeddable":true,"href":"https:\/\/tailler-greffer.fr\/index.php\/wp-json\/wp\/v2\/pages\/31"}],"wp:attachment":[{"href":"https:\/\/tailler-greffer.fr\/index.php\/wp-json\/wp\/v2\/media?parent=412"}],"curies":[{"name":"wp","href":"https:\/\/api.w.org\/{rel}","templated":true}]}}