{"id":417,"date":"2026-03-25T09:30:48","date_gmt":"2026-03-25T09:30:48","guid":{"rendered":"https:\/\/tailler-greffer.fr\/?page_id=417"},"modified":"2026-03-25T10:22:47","modified_gmt":"2026-03-25T10:22:47","slug":"greffer-quoi-sur-quoi","status":"publish","type":"page","link":"https:\/\/tailler-greffer.fr\/index.php\/greffer\/greffer-quoi-sur-quoi\/","title":{"rendered":"Greffer quoi sur quoi ?"},"content":{"rendered":"\n<div id=\"ez-toc-container\" class=\"ez-toc-v2_0_82_2 counter-hierarchy ez-toc-counter ez-toc-grey ez-toc-container-direction\">\n<div class=\"ez-toc-title-container\">\n<p class=\"ez-toc-title\" style=\"cursor:inherit\">Sommaire<\/p>\n<span class=\"ez-toc-title-toggle\"><a href=\"#\" class=\"ez-toc-pull-right ez-toc-btn ez-toc-btn-xs ez-toc-btn-default ez-toc-toggle\" aria-label=\"Toggle Table of Content\"><span class=\"ez-toc-js-icon-con\"><span class=\"\"><span class=\"eztoc-hide\" style=\"display:none;\">Toggle<\/span><span class=\"ez-toc-icon-toggle-span\"><svg style=\"fill: #999;color:#999\" xmlns=\"http:\/\/www.w3.org\/2000\/svg\" class=\"list-377408\" width=\"20px\" height=\"20px\" viewBox=\"0 0 24 24\" fill=\"none\"><path d=\"M6 6H4v2h2V6zm14 0H8v2h12V6zM4 11h2v2H4v-2zm16 0H8v2h12v-2zM4 16h2v2H4v-2zm16 0H8v2h12v-2z\" fill=\"currentColor\"><\/path><\/svg><svg style=\"fill: #999;color:#999\" class=\"arrow-unsorted-368013\" xmlns=\"http:\/\/www.w3.org\/2000\/svg\" width=\"10px\" height=\"10px\" viewBox=\"0 0 24 24\" version=\"1.2\" baseProfile=\"tiny\"><path d=\"M18.2 9.3l-6.2-6.3-6.2 6.3c-.2.2-.3.4-.3.7s.1.5.3.7c.2.2.4.3.7.3h11c.3 0 .5-.1.7-.3.2-.2.3-.5.3-.7s-.1-.5-.3-.7zM5.8 14.7l6.2 6.3 6.2-6.3c.2-.2.3-.5.3-.7s-.1-.5-.3-.7c-.2-.2-.4-.3-.7-.3h-11c-.3 0-.5.1-.7.3-.2.2-.3.5-.3.7s.1.5.3.7z\"\/><\/svg><\/span><\/span><\/span><\/a><\/span><\/div>\n<nav><ul class='ez-toc-list ez-toc-list-level-1 ' ><li class='ez-toc-page-1 ez-toc-heading-level-3'><a class=\"ez-toc-link ez-toc-heading-1\" href=\"https:\/\/tailler-greffer.fr\/index.php\/greffer\/greffer-quoi-sur-quoi\/#Arbres_a_noyaux\" >Arbres \u00e0 noyaux<\/a><\/li><li class='ez-toc-page-1 ez-toc-heading-level-3'><a class=\"ez-toc-link ez-toc-heading-2\" href=\"https:\/\/tailler-greffer.fr\/index.php\/greffer\/greffer-quoi-sur-quoi\/#Arbres_a_pepins_et_especes_proches\" >Arbres \u00e0 p\u00e9pins (et esp\u00e8ces proches)<\/a><\/li><li class='ez-toc-page-1 ez-toc-heading-level-3'><a class=\"ez-toc-link ez-toc-heading-3\" href=\"https:\/\/tailler-greffer.fr\/index.php\/greffer\/greffer-quoi-sur-quoi\/#Autres_especes\" >Autres esp\u00e8ces<\/a><\/li><\/ul><\/nav><\/div>\n<h3 class=\"wp-block-heading has-large-font-size\"><span class=\"ez-toc-section\" id=\"Arbres_a_noyaux\"><\/span>Arbres \u00e0 noyaux<span class=\"ez-toc-section-end\"><\/span><\/h3>\n\n\n\n<p><em>Pour en savoir plus sur les principales esp\u00e8ces de Prunus, cliquer ICI.<\/em><\/p>\n\n\n\n<p>Le jardinier peut greffer les vari\u00e9t\u00e9s d<strong>&lsquo;ABRICOTIER <\/strong>sur l&rsquo;<strong>abricotier<\/strong>, le <strong>p\u00eacher <\/strong>et le <strong>prunier<\/strong>.<\/p>\n\n\n\n<ul class=\"wp-block-list\">\n<li>L&rsquo;affinit\u00e9 sur abricotier est toujours tr\u00e8s bonne (m\u00eame esp\u00e8ce), mais l&rsquo;abricotier est un porte-greffe fragile (sensible au chancre bact\u00e9rien).<\/li>\n\n\n\n<li>L&rsquo;affinit\u00e9 sur p\u00eacher est bonne : c&rsquo;est le choix \u00e0 retenir dans les sols qui conviennent au p\u00eacher.<\/li>\n\n\n\n<li>L&rsquo;abricotier se greffe bien sur le prunier myrobolan, mais celui-ci n&rsquo;est pas fr\u00e9quent dans l&rsquo;environnement des jardins. Le prunier sauvage est bien plus fr\u00e9quent, mais les r\u00e9sultats sont al\u00e9atoires, et il a l&rsquo;inconv\u00e9nient de drageonner beaucoup.<\/li>\n<\/ul>\n\n\n\n<p class=\"has-medium-font-size\">Pour aller plus loin : les p\u00e9pini\u00e9ristes ont \u00e0 leur disposition de tr\u00e8s nombreux porte-greffe pour greffer l&rsquo;abricotier. Les plus fr\u00e9quemment employ\u00e9s sont :<br>Les p\u00eachers : <strong>Montclar, GF 305<\/strong> et <strong>Rubira<\/strong><br>Les pruniers myrobolans : <strong>Myro 1254<\/strong> et <strong>Myro B<\/strong><br>Parfois, le franc d&rsquo;abricotier, bien adapt\u00e9 aux sols calcaires et secs : <strong>Manicot GF 1236<\/strong> est une s\u00e9lection de franc d&rsquo;abricotier (GF pour \u00ab\u00a0Grande Ferrade\u00a0\u00bb, le nom de la station dans le sud-ouest o\u00f9 il a \u00e9t\u00e9 obtenu).<\/p>\n\n\n\n<p class=\"has-large-font-size\">Le jardinier greffe les vari\u00e9t\u00e9s de <strong>PECHER <\/strong>essentiellement sur le <strong>p\u00eacher<\/strong>. La greffe sur l&rsquo;abricotier est possible ; la greffe sur prunier est toujours al\u00e9atoire.<\/p>\n\n\n\n<p class=\"has-medium-font-size\">Pour aller plus loin : les p\u00e9pini\u00e9ristes greffent les vari\u00e9t\u00e9s de p\u00eacher :<br>Le plus fr\u00e9quemment sur des s\u00e9lections de p\u00eachers : <strong>Montclar<\/strong> et <strong>GF 305<\/strong>,<br>Parfois sur <strong>GF 677<\/strong>, un hybride p\u00eacher \/ amandier, qui conf\u00e8re une forte vigueur et un meilleur comportement que le p\u00eacher en sol calcaire,<br>Parfois, pour les plantations en sols argileux, sur des s\u00e9lections de prunier (<strong>Julior<\/strong>)<\/p>\n\n\n\n<p>Le jardinier greffe les vari\u00e9t\u00e9s d&rsquo;<strong>AMANDIER<\/strong> sur de l&rsquo;<strong>amandier sauvage<\/strong>.<\/p>\n\n\n\n<p class=\"has-medium-font-size\">Pour aller plus loin : les p\u00e9pini\u00e9ristes greffent l&rsquo;amandier essentiellement sur <strong>GF 677<\/strong>, un hybride p\u00eacher \/ amandier, se multipliant facilement, de bonne vigueur et se comportant bien dans une large gamme de sols (sauf en sols \u00ab\u00a0lourds\u00a0\u00bb). GF pour \u00ab\u00a0Grande Ferrade\u00a0\u00bb, du nom de la station d&rsquo;exp\u00e9rimentation dans le sud-ouest.<\/p>\n\n\n\n<p>Le jardinier greffe les vari\u00e9t\u00e9s de <strong>CERISIER<\/strong>, douces ou acides sur le <strong>merisier <\/strong>ou le <strong>Sainte Lucie<\/strong>.<\/p>\n\n\n\n<p class=\"has-medium-font-size\">Pour aller plus loin : pour les plants de cerisiers destin\u00e9s aux arboriculteurs, les p\u00e9pini\u00e9ristes n&#8217;emploient plus le merisier, trop vigoureux pour des vergers \u00ab\u00a0pi\u00e9tons\u00a0\u00bb (o\u00f9 l&rsquo;ensemble des travaux se font depuis le sol). Une large gamme de porte-greffes, nanisant ou semi-nanisant sont \u00e0 leur disposition, comme, par exemple, <strong>Maxma 14, Maxma 60<\/strong>, ou la s\u00e9rie allemande des <strong>Gisela <\/strong>(plusieurs n\u00b0).<br>Pour les sols calcaires, ils utilisent parfois <strong>SL 64<\/strong>, une s\u00e9lection de Sainte Lucie.<\/p>\n\n\n\n<p>Le jardinier greffe les vari\u00e9t\u00e9s de <strong>PRUNIER <\/strong>sur ce qu&rsquo;il a sous la main, \u00e0 savoir le plus souvent du <strong>prunier sauvage<\/strong> : la reprise est bonne mais la vigueur est h\u00e9t\u00e9rog\u00e8ne et les drageons nombreux. Chaque fois qu&rsquo;il peut en disposer (quitte \u00e0 faire des semis), il pr\u00e9f\u00e9rera greffer sur <strong>myrobolan<\/strong>.<\/p>\n\n\n\n<p class=\"has-medium-font-size\">Pour aller plus loin : les p\u00e9pini\u00e9ristes greffent les vari\u00e9t\u00e9s de pruniers \u00ab\u00a0Europ\u00e9ens\u00a0\u00bb (Prunus domestica) sur des s\u00e9lections de myrobolan comme, par exemple, <strong>Myro B, Myro 1254<\/strong>, ou sur des hybrides conf\u00e9rents une moindre vigueur.<br>Ils greffent les vari\u00e9t\u00e9s dites \u00ab\u00a0Japonaises\u00a0\u00bb ou \u00ab\u00a0am\u00e9ricano-japonaises\u00a0\u00bb  soit sur des s\u00e9lections de <strong>myrobolan<\/strong>, soit sur des porte-greffe p\u00eacher (<strong>Montclar, GF 305<\/strong>, ou l&rsquo;hybride p\u00eacher\/amandier <strong>GF 677<\/strong>).<\/p>\n\n\n\n<h3 class=\"wp-block-heading\"><span class=\"ez-toc-section\" id=\"Arbres_a_pepins_et_especes_proches\"><\/span>Arbres \u00e0 p\u00e9pins (et esp\u00e8ces proches)<span class=\"ez-toc-section-end\"><\/span><\/h3>\n\n\n\n<p>Enfin quelque chose de simple ! Le jardinier greffe le <strong>POMMIER <\/strong>sur le <strong>pommier<\/strong>. Les greffes sur le poirier ou sur des esp\u00e8ces proches (alisier, cormier) sont trop al\u00e9atoires pour \u00eatre tent\u00e9es.<br>Et d&rsquo;autant plus simple que le pommier se greffe ais\u00e9ment, que l&rsquo;affinit\u00e9 est toujours bonne, et qu&rsquo;il ne drageonne pas.<br>Le jardinier va donc greffer les vari\u00e9t\u00e9s de pommier sur les pommiers \u00ab\u00a0sauvages\u00a0\u00bb qu&rsquo;il trouvera dans son environnement &#8211; ou qu&rsquo;il aura obtenu par semis &#8211; donc sur un mat\u00e9riel h\u00e9t\u00e9rog\u00e8ne en vigueur.<\/p>\n\n\n\n<p class=\"has-medium-font-size\">Pour aller plus loin : les p\u00e9pini\u00e9ristes ont \u00e0 leur disposition des dizaines de s\u00e9lections de porte-greffe du pommier. <br><em>En voici quelques unes, par ordre de vigueur d\u00e9croissante :<\/em><br>Le \u00ab\u00a0<strong>franc<\/strong>\u00a0\u00bb : forte vigueur. R\u00e9serv\u00e9 aux plants destin\u00e9s \u00e0 l&rsquo;amateur (seul lui a encore le temps de prendre une \u00e9chelle pour r\u00e9colter les pommes). \u00ab\u00a0Bittenfelder\u00a0\u00bb est une s\u00e9lection de franc.<br><strong>MM 109<\/strong> (un peu moins vigoureux que les francs. \u00ab\u00a0MM\u00a0\u00bb pour Malling-Merton, du nom de la station de recherche d&rsquo;East-Malling, en Angleterre)<br><strong>MM 111<\/strong><br><strong>MM 106<\/strong> (vigueur interm\u00e9diaire)<br><strong>M 26<\/strong> <br><strong>PAJAM 1 et 2, M9, EMLA<\/strong> (vigueur faible, pour verger pi\u00e9ton, les plus employ\u00e9s)<br><strong>M 27<\/strong> (vigueur tr\u00e8s faible)<\/p>\n\n\n\n<p>Le jardinier greffe le <strong>POIRIER <\/strong>sur le <strong>poirier<\/strong>, le <strong>cognassier <\/strong>ou l&rsquo;<strong>aub\u00e9pine<\/strong> (la greffe sur le pommier est trop al\u00e9atoire pour \u00eatre tent\u00e9e). C&rsquo;est sur poirier que l&rsquo;affinit\u00e9 sera la meilleure et le d\u00e9veloppement maximum (si le poirier est adapt\u00e9 au contexte, ce qui n&rsquo;est pas toujours le cas). Le cognassier \u00e0 l&rsquo;avantage de se bouturer assez facilement et d&rsquo;\u00eatre adapt\u00e9 \u00e0 une grande diversit\u00e9 de sols. L&rsquo;aub\u00e9pine, quant \u00e0 elle, est parfois pr\u00e9sente dans l&rsquo;environnement et peut donc \u00eatre utilis\u00e9e comme porte-greffe.<\/p>\n\n\n\n<p class=\"has-medium-font-size\">Pour aller plus loin : les p\u00e9pini\u00e9ristes greffent les vari\u00e9t\u00e9s de <strong>poirier <\/strong>:<br>Sur le \u00ab\u00a0<strong>franc<\/strong>\u00a0\u00bb (c&rsquo;est \u00e0 dire sur du poirier \u00ab\u00a0sauvage\u00a0\u00bb et vigoureux) pour les plants destin\u00e9s aux amateurs lorsque ceux-ci cherchent des plants \u00e0 grand d\u00e9veloppement. <strong>Kirchensaler <\/strong>est une s\u00e9lection de franc de poirier,<br>Parfois, sur certaines s\u00e9lections de <strong>poirier <\/strong>conf\u00e9rant une vigueur moindre et une tol\u00e9rance \u00e0 certaines maladies (feu bact\u00e9rien), dont, par exemple, <strong>Farold <\/strong>(OHF 87) ou <strong>Pyriam <\/strong>(OH 11),<br>Le plus souvent, pour les plants destin\u00e9s aux arboriculteurs, sur du <strong>cognassier<\/strong>, dont il existe plusieurs s\u00e9lections, chacune \u00e9tant adapt\u00e9e \u00e0 un contexte. Les plus employ\u00e9es sont : <strong>BA 29<\/strong> (une s\u00e9lection de cognassier de Provence) ; <strong>Sydo <\/strong>(une s\u00e9lection de cognassier d&rsquo;Angers) ; <strong>cognassier C<\/strong> ; <strong>cognassier d&rsquo;Adams<\/strong>&#8230; <\/p>\n\n\n\n<p class=\"has-large-font-size\">Le <strong>COGNASSIER <\/strong>se bouturant assez facilement, il est rare que le jardinier greffe des vari\u00e9t\u00e9s de cognassier. Mais cela reste possible sur <strong>poirier<\/strong>, <strong>aub\u00e9pine <\/strong>et, bien s\u00fbr, sur <strong>cognassier<\/strong>.<\/p>\n\n\n\n<p class=\"has-large-font-size\">Le jardinier multiplie le plus souvent le <strong>NEFLIER  <\/strong>par pr\u00e9l\u00e8vement de rejet au pied du plant, ou par semis naturel. Son greffage est possible sur <strong>poirier<\/strong>, <strong>\u00e9glantier <\/strong>et sur <strong>n\u00e9flier <\/strong>(par exemple, greffer un n\u00e9flier \u00e0 gros fruit sur un plant donnant des fruits plus petits).<\/p>\n\n\n\n<p class=\"has-large-font-size\">Le <strong>CORMIER <\/strong>est multipli\u00e9 par semis naturels trouv\u00e9s dans l&rsquo;environnement. Il peut se greffer sur <strong>cormier <\/strong>(par exemple, greffer un cormier donnant des fruits particuli\u00e8rement gros sur un cormier \u00e0 plus petits fruits) ou sur <strong>aub\u00e9pine <\/strong>(possible, d&rsquo;apr\u00e8s Pierre Lieutaghi : arbre de d\u00e9veloppement moindre, mise \u00e0 fruits plus rapide).<\/p>\n\n\n\n<h3 class=\"wp-block-heading\"><span class=\"ez-toc-section\" id=\"Autres_especes\"><\/span>Autres esp\u00e8ces<span class=\"ez-toc-section-end\"><\/span><\/h3>\n\n\n\n<p class=\"has-large-font-size\">Le <strong>CHATAIGNIER <\/strong>se greffe sur <strong>ch\u00e2taignier<\/strong>. Il existe quelques rares cas de greffage sur ch\u00eane qui ont abouti \u00e0 des arbres vivant plusieurs d\u00e9cennies.<br>L&rsquo;amateur greffera donc le ch\u00e2taignier sur les ch\u00e2taigniers sauvages qu&rsquo;ils trouvera dans son environnement ou qu&rsquo;il obtiendra par semis.<\/p>\n\n\n\n<p class=\"has-medium-font-size\">Pour aller plus loin :<br>Certains ch\u00e2taigniers sont r\u00e9tifs au greffage (mauvaise compatibilit\u00e9 avec la quasi totalit\u00e9 des vari\u00e9t\u00e9s). On peut n\u00e9anmoins les greffer en faisant une premi\u00e8re greffe avec la vari\u00e9t\u00e9 <strong>Pr\u00e9coce Migoule<\/strong> (vari\u00e9t\u00e9 hybride entre Castanea sativa et Castanea crenata et ayant une bonne compatibilit\u00e9 avec quasiment tous les ch\u00e2taigniers sauvages ou cultiv\u00e9s), que l&rsquo;on sur-greffera par la suite avec la vari\u00e9t\u00e9 souhait\u00e9e.<br>Les p\u00e9pini\u00e9ristes emploient plusieurs s\u00e9lections de ch\u00e2taignier. La plus utilis\u00e9e est <strong>Marsol <\/strong>(hybride entre Castanea sativa &#8211; ch\u00e2taignier europ\u00e9en &#8211; et Castanea crenata  &#8211; ch\u00e2taignier originaire du Japon), de forte vigueur, peu sensible au phytophtora, mais \u00e9galement peu r\u00e9sistant au sec.<\/p>\n\n\n\n<p>L&rsquo;amateur greffe le <strong>NOYER <\/strong>(noyer commun, Juglens regia) sur les noyers sauvages qu&rsquo;il trouve dans son environnement (le plus souvent des semis naturels de vari\u00e9t\u00e9s).<\/p>\n\n\n\n<p class=\"has-medium-font-size\">Pour aller plus loin : les p\u00e9pini\u00e9ristes greffent les vari\u00e9t\u00e9s de noyer sur des s\u00e9lections de Juglens regia.<\/p>\n\n\n\n<p>L&rsquo;<strong>OLIVIER<\/strong> (Olea europaea) se multipliant ais\u00e9ment par bouture ou par \u00e9clat de souche, le jardinier aura peu l&rsquo;occasion de greffer cette esp\u00e8ce. S&rsquo;il habite dans le midi m\u00e9diterran\u00e9en ou en Corse, il pourra greffer l&rsquo;Olivier sauvage, ou Ol\u00e9astre (Olea oleaster). Il pourra \u00e9galement greffer (ou sur-greffer) un olivier avec une autre vari\u00e9t\u00e9.<\/p>\n","protected":false},"excerpt":{"rendered":"<p>Arbres \u00e0 noyaux Pour en savoir plus sur les principales esp\u00e8ces de Prunus, cliquer ICI. Le jardinier peut greffer les vari\u00e9t\u00e9s d&lsquo;ABRICOTIER sur l&rsquo;abricotier, le p\u00eacher et le prunier. Pour aller plus loin : les p\u00e9pini\u00e9ristes ont \u00e0 leur disposition de tr\u00e8s nombreux porte-greffe pour greffer l&rsquo;abricotier. Les plus fr\u00e9quemment employ\u00e9s sont :Les p\u00eachers : [&hellip;]<\/p>\n","protected":false},"author":1,"featured_media":0,"parent":31,"menu_order":6,"comment_status":"closed","ping_status":"closed","template":"","meta":{"footnotes":""},"class_list":["post-417","page","type-page","status-publish","hentry"],"_links":{"self":[{"href":"https:\/\/tailler-greffer.fr\/index.php\/wp-json\/wp\/v2\/pages\/417","targetHints":{"allow":["GET"]}}],"collection":[{"href":"https:\/\/tailler-greffer.fr\/index.php\/wp-json\/wp\/v2\/pages"}],"about":[{"href":"https:\/\/tailler-greffer.fr\/index.php\/wp-json\/wp\/v2\/types\/page"}],"author":[{"embeddable":true,"href":"https:\/\/tailler-greffer.fr\/index.php\/wp-json\/wp\/v2\/users\/1"}],"replies":[{"embeddable":true,"href":"https:\/\/tailler-greffer.fr\/index.php\/wp-json\/wp\/v2\/comments?post=417"}],"version-history":[{"count":2,"href":"https:\/\/tailler-greffer.fr\/index.php\/wp-json\/wp\/v2\/pages\/417\/revisions"}],"predecessor-version":[{"id":419,"href":"https:\/\/tailler-greffer.fr\/index.php\/wp-json\/wp\/v2\/pages\/417\/revisions\/419"}],"up":[{"embeddable":true,"href":"https:\/\/tailler-greffer.fr\/index.php\/wp-json\/wp\/v2\/pages\/31"}],"wp:attachment":[{"href":"https:\/\/tailler-greffer.fr\/index.php\/wp-json\/wp\/v2\/media?parent=417"}],"curies":[{"name":"wp","href":"https:\/\/api.w.org\/{rel}","templated":true}]}}