{"id":420,"date":"2026-03-25T09:32:52","date_gmt":"2026-03-25T09:32:52","guid":{"rendered":"https:\/\/tailler-greffer.fr\/?page_id=420"},"modified":"2026-03-25T10:30:42","modified_gmt":"2026-03-25T10:30:42","slug":"le-materiel-necessaire-au-greffage","status":"publish","type":"page","link":"https:\/\/tailler-greffer.fr\/index.php\/greffer\/le-materiel-necessaire-au-greffage\/","title":{"rendered":"Le mat\u00e9riel n\u00e9cessaire au greffage"},"content":{"rendered":"\n<div id=\"ez-toc-container\" class=\"ez-toc-v2_0_82_2 counter-hierarchy ez-toc-counter ez-toc-grey ez-toc-container-direction\">\n<div class=\"ez-toc-title-container\">\n<p class=\"ez-toc-title\" style=\"cursor:inherit\">Sommaire<\/p>\n<span class=\"ez-toc-title-toggle\"><a href=\"#\" class=\"ez-toc-pull-right ez-toc-btn ez-toc-btn-xs ez-toc-btn-default ez-toc-toggle\" aria-label=\"Toggle Table of Content\"><span class=\"ez-toc-js-icon-con\"><span class=\"\"><span class=\"eztoc-hide\" style=\"display:none;\">Toggle<\/span><span class=\"ez-toc-icon-toggle-span\"><svg style=\"fill: #999;color:#999\" xmlns=\"http:\/\/www.w3.org\/2000\/svg\" class=\"list-377408\" width=\"20px\" height=\"20px\" viewBox=\"0 0 24 24\" fill=\"none\"><path d=\"M6 6H4v2h2V6zm14 0H8v2h12V6zM4 11h2v2H4v-2zm16 0H8v2h12v-2zM4 16h2v2H4v-2zm16 0H8v2h12v-2z\" fill=\"currentColor\"><\/path><\/svg><svg style=\"fill: #999;color:#999\" class=\"arrow-unsorted-368013\" xmlns=\"http:\/\/www.w3.org\/2000\/svg\" width=\"10px\" height=\"10px\" viewBox=\"0 0 24 24\" version=\"1.2\" baseProfile=\"tiny\"><path d=\"M18.2 9.3l-6.2-6.3-6.2 6.3c-.2.2-.3.4-.3.7s.1.5.3.7c.2.2.4.3.7.3h11c.3 0 .5-.1.7-.3.2-.2.3-.5.3-.7s-.1-.5-.3-.7zM5.8 14.7l6.2 6.3 6.2-6.3c.2-.2.3-.5.3-.7s-.1-.5-.3-.7c-.2-.2-.4-.3-.7-.3h-11c-.3 0-.5.1-.7.3-.2.2-.3.5-.3.7s.1.5.3.7z\"\/><\/svg><\/span><\/span><\/span><\/a><\/span><\/div>\n<nav><ul class='ez-toc-list ez-toc-list-level-1 ' ><li class='ez-toc-page-1 ez-toc-heading-level-3'><a class=\"ez-toc-link ez-toc-heading-1\" href=\"https:\/\/tailler-greffer.fr\/index.php\/greffer\/le-materiel-necessaire-au-greffage\/#Lattachage\" >L&rsquo;attachage<\/a><\/li><li class='ez-toc-page-1 ez-toc-heading-level-3'><a class=\"ez-toc-link ez-toc-heading-2\" href=\"https:\/\/tailler-greffer.fr\/index.php\/greffer\/le-materiel-necessaire-au-greffage\/#Les_mastics\" >Les mastics<\/a><\/li><li class='ez-toc-page-1 ez-toc-heading-level-3'><a class=\"ez-toc-link ez-toc-heading-3\" href=\"https:\/\/tailler-greffer.fr\/index.php\/greffer\/le-materiel-necessaire-au-greffage\/#La_glu\" >La glu<\/a><\/li><li class='ez-toc-page-1 ez-toc-heading-level-3'><a class=\"ez-toc-link ez-toc-heading-4\" href=\"https:\/\/tailler-greffer.fr\/index.php\/greffer\/le-materiel-necessaire-au-greffage\/#Divers\" >Divers<\/a><\/li><\/ul><\/nav><\/div>\n<h3 class=\"wp-block-heading\"><span class=\"ez-toc-section\" id=\"Lattachage\"><\/span><strong>L&rsquo;attachage<\/strong><span class=\"ez-toc-section-end\"><\/span><\/h3>\n\n\n\n<p>Greffe en ECUSSON: id\u00e9alement, des <strong>bandes \u00e0 greffer en cellophane<\/strong>, qui sont tremp\u00e9es dans l&rsquo;eau quelques instant avant utilisation. Vendues dans le commerce sous le nom de \u00ab\u00a0cellogreffe\u00a0\u00bb, par paquet de 1 000. <em>Pour r\u00e9aliser quelques greffes en \u00e9cusson, on emploiera<\/em> :<br>&#8211; un <strong>brin de laine<\/strong> (n&rsquo;est pas extensible, peut \u00e9trangler la greffe, surveiller et couper si n\u00e9cessaire dans les semaines suivants le greffage), <br>du <strong>raphia <\/strong>(m\u00eame remarque que pour la laine), <br>ou un <strong>\u00e9lastique de bureau<\/strong> (2 mm de large pour greffer sur une petite pousse, 4 mm pour une pousse plus forte ; couper le bracelet pour avoir un seul brin).<\/p>\n\n\n\n<p>Greffe en FENTE :<strong> scotch \u00e9lectricien<\/strong>. Par pr\u00e9caution (et bien qu&rsquo;on ne sache pas si c&rsquo;est justifi\u00e9), employer du scotch de couleur claire, un scotch noir pouvant peut-\u00eatre \u00ab\u00a0br\u00fbler\u00a0\u00bb la greffe.<\/p>\n\n\n\n<p>Greffe en COURONNE : <strong>scotch large<\/strong>. Comme pour la greffe en fente, \u00e9viter le scotch noir.<\/p>\n\n\n\n<p>Greffe ANGLAISE : scotch sur les petits diam\u00e8tres, <strong>clous <\/strong>ou <strong>agrafes <\/strong>sur les gros diam\u00e8tres.<\/p>\n\n\n\n<h3 class=\"wp-block-heading\"><span class=\"ez-toc-section\" id=\"Les_mastics\"><\/span><strong>Les mastics<\/strong><span class=\"ez-toc-section-end\"><\/span><\/h3>\n\n\n\n<p>Il existe plusieurs marques (Pelleton, Phytopast&#8230;). Phytopast est tr\u00e8s pratique \u00e0 l&#8217;emploi et a un seul inconv\u00e9nient : il est soluble dans l&rsquo;eau et ne doit donc pas \u00eatre employ\u00e9 si de la pluie est annonc\u00e9e dans les 24 heures suivant le greffage.<br>Les professionnels utilisent une cire \u00ab\u00a0\u00e0 chaud\u00a0\u00bb (Marbella, voir photos dans \u00ab\u00a0greffe anglaise\u00a0\u00bb).<\/p>\n\n\n\n<h3 class=\"wp-block-heading\"><span class=\"ez-toc-section\" id=\"La_glu\"><\/span><strong>La glu<\/strong><span class=\"ez-toc-section-end\"><\/span><\/h3>\n\n\n\n<p>La glu -mise sous la greffe &#8211; emp\u00eachera les fourmis et les serpillets de monter dans la greffe.<br>Les fourmis transportent et \u00e9l\u00e8vent des pucerons.<br>Les serpillets (ou \u00ab\u00a0faro\u00a0\u00bb, \u00ab\u00a0coupe bourgeons\u00a0\u00bb) sont des petits col\u00e9opt\u00e8res semblables \u00e0 des charan\u00e7ons. Ils montent (la nuit !) sur le jeune plant venant d&rsquo;\u00eatre greff\u00e9 et consomment les bourgeons du greffon au fur et \u00e0 mesure de leur gonflement.<\/p>\n\n\n\n<h3 class=\"wp-block-heading\"><span class=\"ez-toc-section\" id=\"Divers\"><\/span>Divers<span class=\"ez-toc-section-end\"><\/span><\/h3>\n\n\n\n<p><strong>Une tron\u00e7onneuse peut-elle \u00eatre utilis\u00e9e pour couper un sujet qui va \u00eatre greff\u00e9 en couronne ?<\/strong><\/p>\n\n\n\n<p>Oui, l&rsquo;huile de cha\u00eene qui peut rester sur la coupe ne nuit pas \u00e0 la reprise des greffons.<\/p>\n","protected":false},"excerpt":{"rendered":"<p>L&rsquo;attachage Greffe en ECUSSON: id\u00e9alement, des bandes \u00e0 greffer en cellophane, qui sont tremp\u00e9es dans l&rsquo;eau quelques instant avant utilisation. Vendues dans le commerce sous le nom de \u00ab\u00a0cellogreffe\u00a0\u00bb, par paquet de 1 000. Pour r\u00e9aliser quelques greffes en \u00e9cusson, on emploiera :&#8211; un brin de laine (n&rsquo;est pas extensible, peut \u00e9trangler la greffe, surveiller [&hellip;]<\/p>\n","protected":false},"author":1,"featured_media":0,"parent":31,"menu_order":8,"comment_status":"closed","ping_status":"closed","template":"","meta":{"footnotes":""},"class_list":["post-420","page","type-page","status-publish","hentry"],"_links":{"self":[{"href":"https:\/\/tailler-greffer.fr\/index.php\/wp-json\/wp\/v2\/pages\/420","targetHints":{"allow":["GET"]}}],"collection":[{"href":"https:\/\/tailler-greffer.fr\/index.php\/wp-json\/wp\/v2\/pages"}],"about":[{"href":"https:\/\/tailler-greffer.fr\/index.php\/wp-json\/wp\/v2\/types\/page"}],"author":[{"embeddable":true,"href":"https:\/\/tailler-greffer.fr\/index.php\/wp-json\/wp\/v2\/users\/1"}],"replies":[{"embeddable":true,"href":"https:\/\/tailler-greffer.fr\/index.php\/wp-json\/wp\/v2\/comments?post=420"}],"version-history":[{"count":3,"href":"https:\/\/tailler-greffer.fr\/index.php\/wp-json\/wp\/v2\/pages\/420\/revisions"}],"predecessor-version":[{"id":451,"href":"https:\/\/tailler-greffer.fr\/index.php\/wp-json\/wp\/v2\/pages\/420\/revisions\/451"}],"up":[{"embeddable":true,"href":"https:\/\/tailler-greffer.fr\/index.php\/wp-json\/wp\/v2\/pages\/31"}],"wp:attachment":[{"href":"https:\/\/tailler-greffer.fr\/index.php\/wp-json\/wp\/v2\/media?parent=420"}],"curies":[{"name":"wp","href":"https:\/\/api.w.org\/{rel}","templated":true}]}}