{"id":426,"date":"2026-03-25T09:35:10","date_gmt":"2026-03-25T09:35:10","guid":{"rendered":"https:\/\/tailler-greffer.fr\/?page_id=426"},"modified":"2026-03-25T10:38:36","modified_gmt":"2026-03-25T10:38:36","slug":"reunir-les-conditions-favorables","status":"publish","type":"page","link":"https:\/\/tailler-greffer.fr\/index.php\/greffer\/reunir-les-conditions-favorables\/","title":{"rendered":"R\u00e9unir les conditions favorables"},"content":{"rendered":"\n<div id=\"ez-toc-container\" class=\"ez-toc-v2_0_82_2 counter-hierarchy ez-toc-counter ez-toc-grey ez-toc-container-direction\">\n<div class=\"ez-toc-title-container\">\n<p class=\"ez-toc-title\" style=\"cursor:inherit\">Sommaire<\/p>\n<span class=\"ez-toc-title-toggle\"><a href=\"#\" class=\"ez-toc-pull-right ez-toc-btn ez-toc-btn-xs ez-toc-btn-default ez-toc-toggle\" aria-label=\"Toggle Table of Content\"><span class=\"ez-toc-js-icon-con\"><span class=\"\"><span class=\"eztoc-hide\" style=\"display:none;\">Toggle<\/span><span class=\"ez-toc-icon-toggle-span\"><svg style=\"fill: #999;color:#999\" xmlns=\"http:\/\/www.w3.org\/2000\/svg\" class=\"list-377408\" width=\"20px\" height=\"20px\" viewBox=\"0 0 24 24\" fill=\"none\"><path d=\"M6 6H4v2h2V6zm14 0H8v2h12V6zM4 11h2v2H4v-2zm16 0H8v2h12v-2zM4 16h2v2H4v-2zm16 0H8v2h12v-2z\" fill=\"currentColor\"><\/path><\/svg><svg style=\"fill: #999;color:#999\" class=\"arrow-unsorted-368013\" xmlns=\"http:\/\/www.w3.org\/2000\/svg\" width=\"10px\" height=\"10px\" viewBox=\"0 0 24 24\" version=\"1.2\" baseProfile=\"tiny\"><path d=\"M18.2 9.3l-6.2-6.3-6.2 6.3c-.2.2-.3.4-.3.7s.1.5.3.7c.2.2.4.3.7.3h11c.3 0 .5-.1.7-.3.2-.2.3-.5.3-.7s-.1-.5-.3-.7zM5.8 14.7l6.2 6.3 6.2-6.3c.2-.2.3-.5.3-.7s-.1-.5-.3-.7c-.2-.2-.4-.3-.7-.3h-11c-.3 0-.5.1-.7.3-.2.2-.3.5-.3.7s.1.5.3.7z\"\/><\/svg><\/span><\/span><\/span><\/a><\/span><\/div>\n<nav><ul class='ez-toc-list ez-toc-list-level-1 ' ><li class='ez-toc-page-1 ez-toc-heading-level-3'><a class=\"ez-toc-link ez-toc-heading-1\" href=\"https:\/\/tailler-greffer.fr\/index.php\/greffer\/reunir-les-conditions-favorables\/#La_vigueur_du_porte-greffe_un_element_determinant_pour_la_reussite\" >La vigueur du porte-greffe : un \u00e9l\u00e9ment d\u00e9terminant pour la r\u00e9ussite !<\/a><\/li><li class='ez-toc-page-1 ez-toc-heading-level-3'><a class=\"ez-toc-link ez-toc-heading-2\" href=\"https:\/\/tailler-greffer.fr\/index.php\/greffer\/reunir-les-conditions-favorables\/#Les_tire-seve\" >Les tire-s\u00e8ve<\/a><\/li><li class='ez-toc-page-1 ez-toc-heading-level-3'><a class=\"ez-toc-link ez-toc-heading-3\" href=\"https:\/\/tailler-greffer.fr\/index.php\/greffer\/reunir-les-conditions-favorables\/#Faut-il_tenir_compte_de_la_meteo\" >Faut-il tenir compte de la m\u00e9t\u00e9o ?<\/a><\/li><li class='ez-toc-page-1 ez-toc-heading-level-3'><a class=\"ez-toc-link ez-toc-heading-4\" href=\"https:\/\/tailler-greffer.fr\/index.php\/greffer\/reunir-les-conditions-favorables\/#Faut-il_tenir_compte_de_la_lune\" >Faut-il tenir compte de la lune ?<\/a><\/li><\/ul><\/nav><\/div>\n<h3 class=\"wp-block-heading\"><span class=\"ez-toc-section\" id=\"La_vigueur_du_porte-greffe_un_element_determinant_pour_la_reussite\"><\/span><strong>La vigueur du porte-greffe : un \u00e9l\u00e9ment d\u00e9terminant pour la r\u00e9ussite !<\/strong><span class=\"ez-toc-section-end\"><\/span><\/h3>\n\n\n\n<p>Un porte-greffe vigoureux va induire, au niveau de la greffe, un bourrelet cicatriciel bien d\u00e9velopp\u00e9, favorable \u00e0 une bonne reprise. Plus encore, il permettra un bon d\u00e9veloppement du jeune plant issu du greffon. Faire prendre une greffe est une chose ; obtenir un beau sujet greff\u00e9 en est une autre !<br>La vigueur du porte-greffe est donc d\u00e9terminante : elle s&rsquo;appr\u00e9cie par la longueur de la derni\u00e8re et de l&rsquo;avant derni\u00e8re pousse. La longueur minimum souhait\u00e9e varie en fonction des esp\u00e8ces. Des ordres de grandeur peuvent \u00eatre donn\u00e9s : <br>60 cm et plus : tr\u00e8s bien<br>30 \u00e0 60 cm : bien<br>10 \u00e0 30 cm : attention, \u00e0 revoir selon les esp\u00e8ces<br>moins de 10 cm : mieux vaut s&rsquo;abstenir ou diff\u00e9rer le greffage de quelques ann\u00e9es (durant lesquels le plant sera fertilis\u00e9 et\/ou arros\u00e9).<\/p>\n\n\n\n<h3 class=\"wp-block-heading\"><span class=\"ez-toc-section\" id=\"Les_tire-seve\"><\/span><strong>Les tire-s\u00e8ve<\/strong><span class=\"ez-toc-section-end\"><\/span><\/h3>\n\n\n\n<p>Plus l&rsquo;on greffe sur des sujets de gros diam\u00e8tre, plus la greffe est traumatisante (forte r\u00e9duction de la surface foliaire) et plus il est souhaitable de conserver des tire-s\u00e8ve. Ceux-ci absorberont une partie de la s\u00e8ve qui ne peut plus monter dans la frondaison. Leur feuillage fera de la photosynth\u00e8se qui alimentera les racines. Leur pr\u00e9sence att\u00e9nuera la diminution de vigueur.<br>Les tire-s\u00e8ve peuvent \u00eatre situ\u00e9s sur le tronc (sous la greffe), ou au pied de l&rsquo;arbre (rejets).<br>Un tire-s\u00e8ve ne doit  jamais d\u00e9passer la greffe car, dans le cas contraire, il va se d\u00e9velopper au d\u00e9triment de la greffe (rappel : la s\u00e8ve se porte vers les zones les plus hautes). Au greffage, on coupera donc l&rsquo;extr\u00e9mit\u00e9 d&rsquo;un tire-s\u00e8ve qui serait au-dessus de la greffe. Puis, en v\u00e9g\u00e9tation, on coupera les pousses vigoureuses qui d\u00e9passent la greffe.<br>Les tire-s\u00e8ve sont r\u00e9duits l&rsquo;hiver suivant, puis supprim\u00e9s au bout de deux ou trois ans, lorsque la greffe a pris le relais.<\/p>\n\n\n\n<h3 class=\"wp-block-heading\"><span class=\"ez-toc-section\" id=\"Faut-il_tenir_compte_de_la_meteo\"><\/span><strong>Faut-il tenir compte de la m\u00e9t\u00e9o ?<\/strong><span class=\"ez-toc-section-end\"><\/span><\/h3>\n\n\n\n<p>Le temps qu&rsquo;il fait au moment du greffage importe surtout&#8230; pour le greffeur ! Lorsqu&rsquo;on est greffeur d\u00e9butant, il est bien de pratiquer par un temps cl\u00e9ment : on prend plus son temps, les gestes sont plus assur\u00e9s.<\/p>\n\n\n\n<p>Pour la greffe elle-m\u00eame, c&rsquo;est la temp\u00e9rature qu&rsquo;il va faire dans les heures et les jours suivant le greffage qui peut importer. On \u00e9vitera de greffer si un refroidissement (accompagn\u00e9 d&rsquo;un arr\u00eat de s\u00e8ve) est annonc\u00e9. Cela est particuli\u00e8rement important pour la greffe en couronne, effectu\u00e9e en pleine mont\u00e9e de s\u00e8ve (avril \/ d\u00e9but mai) : un arr\u00eat de s\u00e8ve peut-\u00eatre tr\u00e8s pr\u00e9judiciable \u00e0 la reprise. Mieux vaut diff\u00e9rer le greffage.<\/p>\n\n\n\n<h3 class=\"wp-block-heading\"><span class=\"ez-toc-section\" id=\"Faut-il_tenir_compte_de_la_lune\"><\/span><strong>Faut-il tenir compte de la lune ?<\/strong><span class=\"ez-toc-section-end\"><\/span><\/h3>\n\n\n\n<p>A mon avis non, et pour les m\u00eames raisons que celles \u00e9voqu\u00e9es \u00e0 propos de la taille (voir ICI). <br>La bonne lune pour greffer, c&rsquo;est lorsque le v\u00e9g\u00e9tal est au stade optimum, qu&rsquo;un temps cl\u00e9ment permet de greffer dans de bonnes conditions et, dans certains cas (greffe en couronne ), que la m\u00e9t\u00e9o n&rsquo;annonce pas de refroidissement dans les jours suivants.<\/p>\n","protected":false},"excerpt":{"rendered":"<p>La vigueur du porte-greffe : un \u00e9l\u00e9ment d\u00e9terminant pour la r\u00e9ussite ! Un porte-greffe vigoureux va induire, au niveau de la greffe, un bourrelet cicatriciel bien d\u00e9velopp\u00e9, favorable \u00e0 une bonne reprise. Plus encore, il permettra un bon d\u00e9veloppement du jeune plant issu du greffon. Faire prendre une greffe est une chose ; obtenir un [&hellip;]<\/p>\n","protected":false},"author":1,"featured_media":0,"parent":31,"menu_order":12,"comment_status":"closed","ping_status":"closed","template":"","meta":{"footnotes":""},"class_list":["post-426","page","type-page","status-publish","hentry"],"_links":{"self":[{"href":"https:\/\/tailler-greffer.fr\/index.php\/wp-json\/wp\/v2\/pages\/426","targetHints":{"allow":["GET"]}}],"collection":[{"href":"https:\/\/tailler-greffer.fr\/index.php\/wp-json\/wp\/v2\/pages"}],"about":[{"href":"https:\/\/tailler-greffer.fr\/index.php\/wp-json\/wp\/v2\/types\/page"}],"author":[{"embeddable":true,"href":"https:\/\/tailler-greffer.fr\/index.php\/wp-json\/wp\/v2\/users\/1"}],"replies":[{"embeddable":true,"href":"https:\/\/tailler-greffer.fr\/index.php\/wp-json\/wp\/v2\/comments?post=426"}],"version-history":[{"count":4,"href":"https:\/\/tailler-greffer.fr\/index.php\/wp-json\/wp\/v2\/pages\/426\/revisions"}],"predecessor-version":[{"id":455,"href":"https:\/\/tailler-greffer.fr\/index.php\/wp-json\/wp\/v2\/pages\/426\/revisions\/455"}],"up":[{"embeddable":true,"href":"https:\/\/tailler-greffer.fr\/index.php\/wp-json\/wp\/v2\/pages\/31"}],"wp:attachment":[{"href":"https:\/\/tailler-greffer.fr\/index.php\/wp-json\/wp\/v2\/media?parent=426"}],"curies":[{"name":"wp","href":"https:\/\/api.w.org\/{rel}","templated":true}]}}