{"id":442,"date":"2026-03-25T09:58:54","date_gmt":"2026-03-25T09:58:54","guid":{"rendered":"https:\/\/tailler-greffer.fr\/?page_id=442"},"modified":"2026-03-25T10:24:56","modified_gmt":"2026-03-25T10:24:56","slug":"ne-greffer-que-ce-que-vous-avez-le-droit-de-greffer","status":"publish","type":"page","link":"https:\/\/tailler-greffer.fr\/index.php\/greffer\/ne-greffer-que-ce-que-vous-avez-le-droit-de-greffer\/","title":{"rendered":"Ne greffer que ce que vous avez le droit de greffer"},"content":{"rendered":"\n<p>Et maintenant, \u00e0 vos greffoirs ! Mais avant, une derni\u00e8re pr\u00e9cision : toutes les \u00ab\u00a0vieilles\u00a0\u00bb vari\u00e9t\u00e9s, dont le nom est connu de tous, comme Reine des Reinettes, Mirabelle, Burlat ou la ch\u00e2taigne Bouche Rouge sont dans le domaine publique et donc libres de droit de multiplication : vous pouvez les greffer.<\/p>\n\n\n\n<p>A contrario, de nombreuses vari\u00e9t\u00e9s (le plus souvent obtenues par hybridation) sont prot\u00e9g\u00e9es par un Certificat d&rsquo;Obtention V\u00e9g\u00e9tale, ou COV (l&rsquo;\u00e9quivalent d&rsquo;un brevet). Elles ne peuvent \u00eatre multipli\u00e9es sans l&rsquo;autorisation de l&rsquo;obtenteur (ou de ses ayant droit). En l&rsquo;absence de site simple \u00e0 consulter, et si vous voulez savoir si une vari\u00e9t\u00e9 est prot\u00e9g\u00e9e par un COV, le plus simple&#8230; est de le demander \u00e0 un Chatbot !<\/p>\n","protected":false},"excerpt":{"rendered":"<p>Et maintenant, \u00e0 vos greffoirs ! Mais avant, une derni\u00e8re pr\u00e9cision : toutes les \u00ab\u00a0vieilles\u00a0\u00bb vari\u00e9t\u00e9s, dont le nom est connu de tous, comme Reine des Reinettes, Mirabelle, Burlat ou la ch\u00e2taigne Bouche Rouge sont dans le domaine publique et donc libres de droit de multiplication : vous pouvez les greffer. A contrario, de nombreuses [&hellip;]<\/p>\n","protected":false},"author":1,"featured_media":0,"parent":31,"menu_order":26,"comment_status":"closed","ping_status":"closed","template":"","meta":{"footnotes":""},"class_list":["post-442","page","type-page","status-publish","hentry"],"_links":{"self":[{"href":"https:\/\/tailler-greffer.fr\/index.php\/wp-json\/wp\/v2\/pages\/442","targetHints":{"allow":["GET"]}}],"collection":[{"href":"https:\/\/tailler-greffer.fr\/index.php\/wp-json\/wp\/v2\/pages"}],"about":[{"href":"https:\/\/tailler-greffer.fr\/index.php\/wp-json\/wp\/v2\/types\/page"}],"author":[{"embeddable":true,"href":"https:\/\/tailler-greffer.fr\/index.php\/wp-json\/wp\/v2\/users\/1"}],"replies":[{"embeddable":true,"href":"https:\/\/tailler-greffer.fr\/index.php\/wp-json\/wp\/v2\/comments?post=442"}],"version-history":[{"count":2,"href":"https:\/\/tailler-greffer.fr\/index.php\/wp-json\/wp\/v2\/pages\/442\/revisions"}],"predecessor-version":[{"id":446,"href":"https:\/\/tailler-greffer.fr\/index.php\/wp-json\/wp\/v2\/pages\/442\/revisions\/446"}],"up":[{"embeddable":true,"href":"https:\/\/tailler-greffer.fr\/index.php\/wp-json\/wp\/v2\/pages\/31"}],"wp:attachment":[{"href":"https:\/\/tailler-greffer.fr\/index.php\/wp-json\/wp\/v2\/media?parent=442"}],"curies":[{"name":"wp","href":"https:\/\/api.w.org\/{rel}","templated":true}]}}