{"id":493,"date":"2026-03-31T09:18:12","date_gmt":"2026-03-31T09:18:12","guid":{"rendered":"https:\/\/tailler-greffer.fr\/?page_id=493"},"modified":"2026-04-03T09:00:25","modified_gmt":"2026-04-03T09:00:25","slug":"presentation-de-la-fente","status":"publish","type":"page","link":"https:\/\/tailler-greffer.fr\/index.php\/greffer\/les-greffes-de-fin-dhiver-fente-cadilhac-et-anglaise\/la-fente\/presentation-de-la-fente\/","title":{"rendered":"Pr\u00e9sentation de la Fente"},"content":{"rendered":"\n<div id=\"ez-toc-container\" class=\"ez-toc-v2_0_82_2 counter-hierarchy ez-toc-counter ez-toc-grey ez-toc-container-direction\">\n<div class=\"ez-toc-title-container\">\n<p class=\"ez-toc-title\" style=\"cursor:inherit\">Sommaire<\/p>\n<span class=\"ez-toc-title-toggle\"><a href=\"#\" class=\"ez-toc-pull-right ez-toc-btn ez-toc-btn-xs ez-toc-btn-default ez-toc-toggle\" aria-label=\"Toggle Table of Content\"><span class=\"ez-toc-js-icon-con\"><span class=\"\"><span class=\"eztoc-hide\" style=\"display:none;\">Toggle<\/span><span class=\"ez-toc-icon-toggle-span\"><svg style=\"fill: #999;color:#999\" xmlns=\"http:\/\/www.w3.org\/2000\/svg\" class=\"list-377408\" width=\"20px\" height=\"20px\" viewBox=\"0 0 24 24\" fill=\"none\"><path d=\"M6 6H4v2h2V6zm14 0H8v2h12V6zM4 11h2v2H4v-2zm16 0H8v2h12v-2zM4 16h2v2H4v-2zm16 0H8v2h12v-2z\" fill=\"currentColor\"><\/path><\/svg><svg style=\"fill: #999;color:#999\" class=\"arrow-unsorted-368013\" xmlns=\"http:\/\/www.w3.org\/2000\/svg\" width=\"10px\" height=\"10px\" viewBox=\"0 0 24 24\" version=\"1.2\" baseProfile=\"tiny\"><path d=\"M18.2 9.3l-6.2-6.3-6.2 6.3c-.2.2-.3.4-.3.7s.1.5.3.7c.2.2.4.3.7.3h11c.3 0 .5-.1.7-.3.2-.2.3-.5.3-.7s-.1-.5-.3-.7zM5.8 14.7l6.2 6.3 6.2-6.3c.2-.2.3-.5.3-.7s-.1-.5-.3-.7c-.2-.2-.4-.3-.7-.3h-11c-.3 0-.5.1-.7.3-.2.2-.3.5-.3.7s.1.5.3.7z\"\/><\/svg><\/span><\/span><\/span><\/a><\/span><\/div>\n<nav><ul class='ez-toc-list ez-toc-list-level-1 ' ><li class='ez-toc-page-1 ez-toc-heading-level-2'><a class=\"ez-toc-link ez-toc-heading-1\" href=\"https:\/\/tailler-greffer.fr\/index.php\/greffer\/les-greffes-de-fin-dhiver-fente-cadilhac-et-anglaise\/la-fente\/presentation-de-la-fente\/#Quand\" >Quand ?<\/a><\/li><li class='ez-toc-page-1 ez-toc-heading-level-2'><a class=\"ez-toc-link ez-toc-heading-2\" href=\"https:\/\/tailler-greffer.fr\/index.php\/greffer\/les-greffes-de-fin-dhiver-fente-cadilhac-et-anglaise\/la-fente\/presentation-de-la-fente\/#Sur_des_porte-greffe_de_quel_diametre\" >Sur des porte-greffe de quel diam\u00e8tre ?<\/a><\/li><li class='ez-toc-page-1 ez-toc-heading-level-2'><a class=\"ez-toc-link ez-toc-heading-3\" href=\"https:\/\/tailler-greffer.fr\/index.php\/greffer\/les-greffes-de-fin-dhiver-fente-cadilhac-et-anglaise\/la-fente\/presentation-de-la-fente\/#Sur_quelles_especes\" >Sur quelles esp\u00e8ces ?<\/a><\/li><\/ul><\/nav><\/div>\n<h2 class=\"wp-block-heading\"><span class=\"ez-toc-section\" id=\"Quand\"><\/span>Quand ?<span class=\"ez-toc-section-end\"><\/span><\/h2>\n\n\n\n<p>bbb<\/p>\n\n\n\n<h2 class=\"wp-block-heading\"><span class=\"ez-toc-section\" id=\"Sur_des_porte-greffe_de_quel_diametre\"><\/span>Sur des porte-greffe de quel diam\u00e8tre ?<span class=\"ez-toc-section-end\"><\/span><\/h2>\n\n\n\n<p>mmmm<\/p>\n\n\n\n<h2 class=\"wp-block-heading\"><span class=\"ez-toc-section\" id=\"Sur_quelles_especes\"><\/span>Sur quelles esp\u00e8ces ?<span class=\"ez-toc-section-end\"><\/span><\/h2>\n\n\n\n<p>ppp<\/p>\n\n\n\n<p>La technique la plus courante et la mieux adapt\u00e9e consiste \u00e0&nbsp;<strong>pr\u00e9lever le greffon et de r\u00e9aliser le greffage le m\u00eame jour<\/strong>&nbsp;(avantage : pas de conservation de greffons). Comme l\u2019on doit toujours utiliser des greffons en repos v\u00e9g\u00e9tatif, le greffage sera r\u00e9alis\u00e9 aux premiers signes de mont\u00e9e de s\u00e8ve (gonflement des bourgeons \u00e0 fleur, du bourgeon terminal)\u2026 ou m\u00eame un peu avant, en sachant que la \u00ab&nbsp;fen\u00eatre&nbsp;\u00bb de greffage est large : plusieurs semaines pour chaque esp\u00e8ce. La greffe en fente \u00ab&nbsp;prend&nbsp;\u00bb doucement, elle sait attendre et ne craint pas les arr\u00eats de s\u00e8ve li\u00e9s au retour du froid, voire du gel !<br>En zone de plaine, si l\u2019on greffe l\u2019amandier en janvier, les autres esp\u00e8ces \u00e0 noyaux et les esp\u00e8ces \u00e0 p\u00e9pins en fin janvier \/ f\u00e9vrier on est g\u00e9n\u00e9ralement dans le bon cr\u00e9neau !<\/p>\n\n\n\n<p>On peut parfois \u00eatre amen\u00e9 \u00e0 greffer en fente plus tard, en pleine mont\u00e9e de s\u00e8ve, soit pour des contraintes de calendrier (on est pas l\u00e0 en janvier \/ f\u00e9vrier et on ne pourra donc greffer qu\u2019en mars \/ avril), soit pour des raisons sanitaires : c\u2019est le cas du ch\u00e2taignier o\u00f9, pour limiter les risques de chancres \u00e0 endothia, on pr\u00e9f\u00e8re greffer en fente tardivement (au d\u00e9bourrement). Dans ce cas, les greffons seront pr\u00e9lev\u00e9s en plein repos v\u00e9g\u00e9tatif et mis au froid. La greffe sera rendue plus compliqu\u00e9e par le d\u00e9collement de l\u2019\u00e9corce (pr\u00e9judiciable \u00e0 la reprise) qu\u2019il faut \u00e9viter autant que faire se peut.<\/p>\n","protected":false},"excerpt":{"rendered":"<p>Quand ? bbb Sur des porte-greffe de quel diam\u00e8tre ? mmmm Sur quelles esp\u00e8ces ? ppp La technique la plus courante et la mieux adapt\u00e9e consiste \u00e0&nbsp;pr\u00e9lever le greffon et de r\u00e9aliser le greffage le m\u00eame jour&nbsp;(avantage : pas de conservation de greffons). Comme l\u2019on doit toujours utiliser des greffons en repos v\u00e9g\u00e9tatif, le greffage [&hellip;]<\/p>\n","protected":false},"author":1,"featured_media":0,"parent":463,"menu_order":2,"comment_status":"closed","ping_status":"closed","template":"","meta":{"footnotes":""},"class_list":["post-493","page","type-page","status-publish","hentry"],"_links":{"self":[{"href":"https:\/\/tailler-greffer.fr\/index.php\/wp-json\/wp\/v2\/pages\/493","targetHints":{"allow":["GET"]}}],"collection":[{"href":"https:\/\/tailler-greffer.fr\/index.php\/wp-json\/wp\/v2\/pages"}],"about":[{"href":"https:\/\/tailler-greffer.fr\/index.php\/wp-json\/wp\/v2\/types\/page"}],"author":[{"embeddable":true,"href":"https:\/\/tailler-greffer.fr\/index.php\/wp-json\/wp\/v2\/users\/1"}],"replies":[{"embeddable":true,"href":"https:\/\/tailler-greffer.fr\/index.php\/wp-json\/wp\/v2\/comments?post=493"}],"version-history":[{"count":2,"href":"https:\/\/tailler-greffer.fr\/index.php\/wp-json\/wp\/v2\/pages\/493\/revisions"}],"predecessor-version":[{"id":511,"href":"https:\/\/tailler-greffer.fr\/index.php\/wp-json\/wp\/v2\/pages\/493\/revisions\/511"}],"up":[{"embeddable":true,"href":"https:\/\/tailler-greffer.fr\/index.php\/wp-json\/wp\/v2\/pages\/463"}],"wp:attachment":[{"href":"https:\/\/tailler-greffer.fr\/index.php\/wp-json\/wp\/v2\/media?parent=493"}],"curies":[{"name":"wp","href":"https:\/\/api.w.org\/{rel}","templated":true}]}}