{"id":496,"date":"2026-03-31T09:20:51","date_gmt":"2026-03-31T09:20:51","guid":{"rendered":"https:\/\/tailler-greffer.fr\/?page_id=496"},"modified":"2026-03-31T09:38:39","modified_gmt":"2026-03-31T09:38:39","slug":"exemple-de-fente-sur-prunier","status":"publish","type":"page","link":"https:\/\/tailler-greffer.fr\/index.php\/greffer\/les-greffes-de-fin-dhiver-fente-cadilhac-et-anglaise\/la-fente\/exemple-de-fente-sur-prunier\/","title":{"rendered":"Exemple de Fente sur prunier"},"content":{"rendered":"\n<p><\/p>\n\n\n\n<div class=\"wp-block-columns alignwide is-layout-flex wp-container-core-columns-is-layout-28f84493 wp-block-columns-is-layout-flex\">\n<div class=\"wp-block-column is-layout-flow wp-block-column-is-layout-flow\" style=\"flex-basis:66.66%\">\n<figure class=\"wp-block-image size-large\"><img loading=\"lazy\" decoding=\"async\" width=\"1050\" height=\"1400\" src=\"https:\/\/tailler-greffer.fr\/wp-content\/uploads\/2026\/03\/le-prunier-1-1050x1400.jpg\" alt=\"\" class=\"wp-image-313\" srcset=\"https:\/\/tailler-greffer.fr\/wp-content\/uploads\/2026\/03\/le-prunier-1-1050x1400.jpg 1050w, https:\/\/tailler-greffer.fr\/wp-content\/uploads\/2026\/03\/le-prunier-1-375x500.jpg 375w, https:\/\/tailler-greffer.fr\/wp-content\/uploads\/2026\/03\/le-prunier-1-768x1024.jpg 768w, https:\/\/tailler-greffer.fr\/wp-content\/uploads\/2026\/03\/le-prunier-1-1152x1536.jpg 1152w, https:\/\/tailler-greffer.fr\/wp-content\/uploads\/2026\/03\/le-prunier-1.jpg 1200w\" sizes=\"auto, (max-width: 1050px) 100vw, 1050px\" \/><\/figure>\n<\/div>\n\n\n\n<div class=\"wp-block-column is-vertically-aligned-center is-layout-flow wp-block-column-is-layout-flow\" style=\"flex-basis:33.33%\">\n<p>Quelques photos vont illustrer la greffe en fente : greffe de Mirabelle sur un prunier sauvage, en centre- Ard\u00e8che, \u00e0 600 m d&rsquo;altitude, le 23 f\u00e9vrier 2026. L&rsquo;arbre, \u00e2g\u00e9 de quelques ann\u00e9es, est de bonne vigueur. <br>5 branches pourront \u00eatre greff\u00e9es :<\/p>\n<\/div>\n<\/div>\n\n\n\n<p>Les greffons sont taill\u00e9s sur une pousse vigoureuse, en commen\u00e7ant par la base de celle-ci :<\/p>\n\n\n\n<div class=\"wp-block-columns alignwide is-layout-flex wp-container-core-columns-is-layout-28f84493 wp-block-columns-is-layout-flex\">\n<div class=\"wp-block-column is-layout-flow wp-block-column-is-layout-flow\" style=\"flex-basis:66.66%\">\n<figure class=\"wp-block-image size-large\"><img loading=\"lazy\" decoding=\"async\" width=\"1400\" height=\"1050\" src=\"https:\/\/tailler-greffer.fr\/wp-content\/uploads\/2026\/03\/detail-coupe-greffon-1-1400x1050.jpg\" alt=\"\" class=\"wp-image-310\" srcset=\"https:\/\/tailler-greffer.fr\/wp-content\/uploads\/2026\/03\/detail-coupe-greffon-1-1400x1050.jpg 1400w, https:\/\/tailler-greffer.fr\/wp-content\/uploads\/2026\/03\/detail-coupe-greffon-1-500x375.jpg 500w, https:\/\/tailler-greffer.fr\/wp-content\/uploads\/2026\/03\/detail-coupe-greffon-1-768x576.jpg 768w, https:\/\/tailler-greffer.fr\/wp-content\/uploads\/2026\/03\/detail-coupe-greffon-1-1536x1152.jpg 1536w, https:\/\/tailler-greffer.fr\/wp-content\/uploads\/2026\/03\/detail-coupe-greffon-1.jpg 1600w\" sizes=\"auto, (max-width: 1400px) 100vw, 1400px\" \/><\/figure>\n<\/div>\n\n\n\n<div class=\"wp-block-column is-vertically-aligned-center is-layout-flow wp-block-column-is-layout-flow\" style=\"flex-basis:33.33%\">\n<p>Pour un droitier, la baguette est tenue dans la main gauche. <br>Le pouce gauche est dirig\u00e9 vers la base de la baguette. <br>La coupe d\u00e9bute 1 cm environ sous un bourgeon (qui sera le bourgeon du bas du greffon), et sur le c\u00f4t\u00e9 de celui-ci. Pour obtenir un biseau long, le geste est contr\u00f4l\u00e9, lent. <br>Le pouce droit guide le mouvement et maintient la base de la baguette.<br>Un gant \u00e0 la main gauche permet une meilleure tenue de la baguette. <br>Pour \u00e9viter des entailles (ou pour se sentir plus en s\u00e9curit\u00e9), il est possible de prot\u00e9ger le pouce droit avec du sparadrad.<\/p>\n<\/div>\n<\/div>\n\n\n\n<div class=\"wp-block-columns alignwide is-layout-flex wp-container-core-columns-is-layout-28f84493 wp-block-columns-is-layout-flex\">\n<div class=\"wp-block-column is-layout-flow wp-block-column-is-layout-flow\" style=\"flex-basis:66.66%\">\n<figure class=\"wp-block-image size-large\"><img loading=\"lazy\" decoding=\"async\" width=\"1400\" height=\"1050\" src=\"https:\/\/tailler-greffer.fr\/wp-content\/uploads\/2026\/03\/detail-premier-biseau-taille-1-1400x1050.jpg\" alt=\"\" class=\"wp-image-314\" srcset=\"https:\/\/tailler-greffer.fr\/wp-content\/uploads\/2026\/03\/detail-premier-biseau-taille-1-1400x1050.jpg 1400w, https:\/\/tailler-greffer.fr\/wp-content\/uploads\/2026\/03\/detail-premier-biseau-taille-1-500x375.jpg 500w, https:\/\/tailler-greffer.fr\/wp-content\/uploads\/2026\/03\/detail-premier-biseau-taille-1-768x576.jpg 768w, https:\/\/tailler-greffer.fr\/wp-content\/uploads\/2026\/03\/detail-premier-biseau-taille-1-1536x1152.jpg 1536w, https:\/\/tailler-greffer.fr\/wp-content\/uploads\/2026\/03\/detail-premier-biseau-taille-1.jpg 1600w\" sizes=\"auto, (max-width: 1400px) 100vw, 1400px\" \/><\/figure>\n<\/div>\n\n\n\n<div class=\"wp-block-column is-vertically-aligned-center is-layout-flow wp-block-column-is-layout-flow\" style=\"flex-basis:33.33%\">\n<p>Voici la premi\u00e8re coupe r\u00e9alis\u00e9e.<\/p>\n<\/div>\n<\/div>\n\n\n\n<div class=\"wp-block-columns alignwide is-layout-flex wp-container-core-columns-is-layout-28f84493 wp-block-columns-is-layout-flex\">\n<div class=\"wp-block-column is-layout-flow wp-block-column-is-layout-flow\" style=\"flex-basis:66.66%\">\n<figure class=\"wp-block-image size-large\"><img loading=\"lazy\" decoding=\"async\" width=\"1400\" height=\"1050\" src=\"https:\/\/tailler-greffer.fr\/wp-content\/uploads\/2026\/03\/detail-second-biseau-1-1400x1050.jpg\" alt=\"\" class=\"wp-image-315\" srcset=\"https:\/\/tailler-greffer.fr\/wp-content\/uploads\/2026\/03\/detail-second-biseau-1-1400x1050.jpg 1400w, https:\/\/tailler-greffer.fr\/wp-content\/uploads\/2026\/03\/detail-second-biseau-1-500x375.jpg 500w, https:\/\/tailler-greffer.fr\/wp-content\/uploads\/2026\/03\/detail-second-biseau-1-768x576.jpg 768w, https:\/\/tailler-greffer.fr\/wp-content\/uploads\/2026\/03\/detail-second-biseau-1-1536x1152.jpg 1536w, https:\/\/tailler-greffer.fr\/wp-content\/uploads\/2026\/03\/detail-second-biseau-1.jpg 1600w\" sizes=\"auto, (max-width: 1400px) 100vw, 1400px\" \/><\/figure>\n<\/div>\n\n\n\n<div class=\"wp-block-column is-vertically-aligned-center is-layout-flow wp-block-column-is-layout-flow\" style=\"flex-basis:33.33%\">\n<p>Puis la baguette est retourn\u00e9e (le bourgeon qui \u00e9tait dessus se trouve dessous) et la seconde face du biseau est taill\u00e9e. <br>Le pouce droit est contre la premi\u00e8re face qui vient d&rsquo;\u00eatre taill\u00e9e.<\/p>\n<\/div>\n<\/div>\n\n\n\n<div class=\"wp-block-columns alignwide is-layout-flex wp-container-core-columns-is-layout-28f84493 wp-block-columns-is-layout-flex\">\n<div class=\"wp-block-column is-layout-flow wp-block-column-is-layout-flow\" style=\"flex-basis:66.66%\">\n<figure class=\"wp-block-image size-large\"><img loading=\"lazy\" decoding=\"async\" width=\"1050\" height=\"1400\" src=\"https:\/\/tailler-greffer.fr\/wp-content\/uploads\/2026\/03\/greffon-taille-1-1050x1400.jpg\" alt=\"\" class=\"wp-image-316\" srcset=\"https:\/\/tailler-greffer.fr\/wp-content\/uploads\/2026\/03\/greffon-taille-1-1050x1400.jpg 1050w, https:\/\/tailler-greffer.fr\/wp-content\/uploads\/2026\/03\/greffon-taille-1-375x500.jpg 375w, https:\/\/tailler-greffer.fr\/wp-content\/uploads\/2026\/03\/greffon-taille-1-768x1024.jpg 768w, https:\/\/tailler-greffer.fr\/wp-content\/uploads\/2026\/03\/greffon-taille-1-1152x1536.jpg 1152w, https:\/\/tailler-greffer.fr\/wp-content\/uploads\/2026\/03\/greffon-taille-1.jpg 1200w\" sizes=\"auto, (max-width: 1050px) 100vw, 1050px\" \/><\/figure>\n<\/div>\n\n\n\n<div class=\"wp-block-column is-vertically-aligned-center is-layout-flow wp-block-column-is-layout-flow\" style=\"flex-basis:33.33%\">\n<p>Voici le biseau obtenu.<\/p>\n<\/div>\n<\/div>\n\n\n\n<div class=\"wp-block-columns alignwide is-layout-flex wp-container-core-columns-is-layout-28f84493 wp-block-columns-is-layout-flex\">\n<div class=\"wp-block-column is-layout-flow wp-block-column-is-layout-flow\" style=\"flex-basis:66.66%\">\n<figure class=\"wp-block-image size-large\"><img loading=\"lazy\" decoding=\"async\" width=\"1024\" height=\"768\" src=\"https:\/\/tailler-greffer.fr\/wp-content\/uploads\/2026\/03\/coupe-du-greffon-au-secateur-1024x768.jpg\" alt=\"\" class=\"wp-image-281\" srcset=\"https:\/\/tailler-greffer.fr\/wp-content\/uploads\/2026\/03\/coupe-du-greffon-au-secateur-1024x768.jpg 1024w, https:\/\/tailler-greffer.fr\/wp-content\/uploads\/2026\/03\/coupe-du-greffon-au-secateur-300x225.jpg 300w, https:\/\/tailler-greffer.fr\/wp-content\/uploads\/2026\/03\/coupe-du-greffon-au-secateur-768x576.jpg 768w, https:\/\/tailler-greffer.fr\/wp-content\/uploads\/2026\/03\/coupe-du-greffon-au-secateur-1536x1152.jpg 1536w, https:\/\/tailler-greffer.fr\/wp-content\/uploads\/2026\/03\/coupe-du-greffon-au-secateur.jpg 1600w\" sizes=\"auto, (max-width: 1024px) 100vw, 1024px\" \/><\/figure>\n<\/div>\n\n\n\n<div class=\"wp-block-column is-vertically-aligned-center is-layout-flow wp-block-column-is-layout-flow\" style=\"flex-basis:33.33%\">\n<p>Puis le greffon est coup\u00e9 \u00e0 deux bourgeons.<\/p>\n<\/div>\n<\/div>\n\n\n\n<p class=\"has-medium-font-size\">Pour aller plus loin : pourquoi deux bourgeons ? Un seul serait suffisant, mais comme il peut \u00eatre cass\u00e9, mang\u00e9 (oiseaux, insectes), on pr\u00e9f\u00e8re en mettre deux. Si on en conserve trois ou plus, le greffon est plus long, plus fragile. Pour toutes les greffes \u00ab\u00a0\u00e0 bois\u00a0\u00bb (fente, cadilhac, anglaise, couronne, incrustation&#8230;) deux bourgeons est donc un bon compromis. Si l&rsquo;on manque de greffons, il est possible de n&rsquo;en conserver qu&rsquo;un seul.<\/p>\n\n\n\n<div class=\"wp-block-columns alignwide is-layout-flex wp-container-core-columns-is-layout-28f84493 wp-block-columns-is-layout-flex\">\n<div class=\"wp-block-column is-layout-flow wp-block-column-is-layout-flow\" style=\"flex-basis:66.66%\">\n<figure class=\"wp-block-image size-full\"><img loading=\"lazy\" decoding=\"async\" width=\"900\" height=\"1200\" src=\"https:\/\/tailler-greffer.fr\/wp-content\/uploads\/2026\/03\/greffons-dans-leau.jpg\" alt=\"\" class=\"wp-image-317\" srcset=\"https:\/\/tailler-greffer.fr\/wp-content\/uploads\/2026\/03\/greffons-dans-leau.jpg 900w, https:\/\/tailler-greffer.fr\/wp-content\/uploads\/2026\/03\/greffons-dans-leau-375x500.jpg 375w, https:\/\/tailler-greffer.fr\/wp-content\/uploads\/2026\/03\/greffons-dans-leau-768x1024.jpg 768w\" sizes=\"auto, (max-width: 900px) 100vw, 900px\" \/><\/figure>\n<\/div>\n\n\n\n<div class=\"wp-block-column is-vertically-aligned-center is-layout-flow wp-block-column-is-layout-flow\" style=\"flex-basis:33.33%\">\n<p>Puis les greffons sont mis dans l&rsquo;eau, o\u00f9 ils seront tr\u00e8s bien conserv\u00e9s durant quelques heures (en pratique, pas plus d&rsquo;une demi-journ\u00e9e).<\/p>\n<\/div>\n<\/div>\n\n\n\n<p>Une derni\u00e8re question, avant de poser les greffons : est-on certain que les deux bourgeons conserv\u00e9s sur chaque greffons sont bien des bourgeons \u00e0 bois ? Si c&rsquo;\u00e9tait des bourgeons \u00e0 fleur, il n&rsquo;y aurait pas de pousse v\u00e9g\u00e9tative : la greffe fleurirait puis d\u00e9p\u00e9rirait (pas assez d&rsquo;\u00e9nergie pour amener le fruit \u00e0 maturit\u00e9).<br>Dans le cas pr\u00e9sent, tous les bourgeons sont bien \u00e0 bois, comme celui-ci :<\/p>\n\n\n\n<figure class=\"wp-block-image size-large\"><img loading=\"lazy\" decoding=\"async\" width=\"768\" height=\"1024\" src=\"https:\/\/tailler-greffer.fr\/wp-content\/uploads\/2026\/03\/detail-bg-a-bois-768x1024.jpg\" alt=\"\" class=\"wp-image-284\" srcset=\"https:\/\/tailler-greffer.fr\/wp-content\/uploads\/2026\/03\/detail-bg-a-bois-768x1024.jpg 768w, https:\/\/tailler-greffer.fr\/wp-content\/uploads\/2026\/03\/detail-bg-a-bois-225x300.jpg 225w, https:\/\/tailler-greffer.fr\/wp-content\/uploads\/2026\/03\/detail-bg-a-bois.jpg 900w\" sizes=\"auto, (max-width: 768px) 100vw, 768px\" \/><\/figure>\n\n\n\n<p>Ou association d&rsquo;un bourgeon \u00e0 fleur (souvent deux), plus rond et plus clair et d&rsquo;un bourgeon \u00e0 bois (plus petit, plus pointu, plus fonc\u00e9), comme ici :<\/p>\n\n\n\n<figure class=\"wp-block-image size-large\"><img loading=\"lazy\" decoding=\"async\" width=\"1024\" height=\"768\" src=\"https:\/\/tailler-greffer.fr\/wp-content\/uploads\/2026\/03\/detail-oeil-a-bois-et-oeil-a-fleur-avec-texte-1024x768.jpg\" alt=\"\" class=\"wp-image-285\" srcset=\"https:\/\/tailler-greffer.fr\/wp-content\/uploads\/2026\/03\/detail-oeil-a-bois-et-oeil-a-fleur-avec-texte-1024x768.jpg 1024w, https:\/\/tailler-greffer.fr\/wp-content\/uploads\/2026\/03\/detail-oeil-a-bois-et-oeil-a-fleur-avec-texte-300x225.jpg 300w, https:\/\/tailler-greffer.fr\/wp-content\/uploads\/2026\/03\/detail-oeil-a-bois-et-oeil-a-fleur-avec-texte-768x576.jpg 768w, https:\/\/tailler-greffer.fr\/wp-content\/uploads\/2026\/03\/detail-oeil-a-bois-et-oeil-a-fleur-avec-texte-1536x1152.jpg 1536w, https:\/\/tailler-greffer.fr\/wp-content\/uploads\/2026\/03\/detail-oeil-a-bois-et-oeil-a-fleur-avec-texte.jpg 1600w\" sizes=\"auto, (max-width: 1024px) 100vw, 1024px\" \/><\/figure>\n\n\n\n<p>En fruits \u00e0 noyaux, pas de souci, car il est rare qu&rsquo;un bourgeon \u00e0 fleur ne soit pas associ\u00e9 \u00e0 un bourgeon \u00e0 bois. Mais cela peut arriver, en cerisier par exemple, ou l&rsquo;on a souvent quelques yeux \u00e0 fleur \u00e0 la base des baguettes.<br>La situation est plus d\u00e9licate en fruits \u00e0 p\u00e9pins, avec parfois des baguettes tr\u00e8s fleuries. Il est bien d&rsquo;apprendre \u00e0 distinguer les bourgeons \u00e0 fleur des bourgeons \u00e0 bois&#8230; ce qui n&rsquo;est pas toujours ais\u00e9 !<\/p>\n\n\n\n<p>Je vais commencer par greffer la plus grosse branche, avec deux greffons.<br>La branche est coup\u00e9e au-dessus d&rsquo;une zone bien droite, sans irr\u00e9gularit\u00e9s :<\/p>\n\n\n\n<figure class=\"wp-block-image size-large\"><img loading=\"lazy\" decoding=\"async\" width=\"1024\" height=\"768\" src=\"https:\/\/tailler-greffer.fr\/wp-content\/uploads\/2026\/03\/branche-coupee-a-la-scie-1024x768.jpg\" alt=\"\" class=\"wp-image-288\" srcset=\"https:\/\/tailler-greffer.fr\/wp-content\/uploads\/2026\/03\/branche-coupee-a-la-scie-1024x768.jpg 1024w, https:\/\/tailler-greffer.fr\/wp-content\/uploads\/2026\/03\/branche-coupee-a-la-scie-300x225.jpg 300w, https:\/\/tailler-greffer.fr\/wp-content\/uploads\/2026\/03\/branche-coupee-a-la-scie-768x576.jpg 768w, https:\/\/tailler-greffer.fr\/wp-content\/uploads\/2026\/03\/branche-coupee-a-la-scie-1536x1152.jpg 1536w, https:\/\/tailler-greffer.fr\/wp-content\/uploads\/2026\/03\/branche-coupee-a-la-scie.jpg 1600w\" sizes=\"auto, (max-width: 1024px) 100vw, 1024px\" \/><\/figure>\n\n\n\n<p>Puis fendue :<\/p>\n\n\n\n<figure class=\"wp-block-image size-large\"><img loading=\"lazy\" decoding=\"async\" width=\"768\" height=\"1024\" src=\"https:\/\/tailler-greffer.fr\/wp-content\/uploads\/2026\/03\/branche-fendue-768x1024.jpg\" alt=\"\" class=\"wp-image-291\" srcset=\"https:\/\/tailler-greffer.fr\/wp-content\/uploads\/2026\/03\/branche-fendue-768x1024.jpg 768w, https:\/\/tailler-greffer.fr\/wp-content\/uploads\/2026\/03\/branche-fendue-225x300.jpg 225w, https:\/\/tailler-greffer.fr\/wp-content\/uploads\/2026\/03\/branche-fendue-1152x1536.jpg 1152w, https:\/\/tailler-greffer.fr\/wp-content\/uploads\/2026\/03\/branche-fendue.jpg 1200w\" sizes=\"auto, (max-width: 768px) 100vw, 768px\" \/><\/figure>\n\n\n\n<div class=\"wp-block-columns alignwide is-layout-flex wp-container-core-columns-is-layout-28f84493 wp-block-columns-is-layout-flex\">\n<div class=\"wp-block-column is-layout-flow wp-block-column-is-layout-flow\" style=\"flex-basis:66.66%\">\n<figure class=\"wp-block-image size-full\"><img loading=\"lazy\" decoding=\"async\" width=\"1041\" height=\"1388\" src=\"https:\/\/tailler-greffer.fr\/wp-content\/uploads\/2026\/03\/comparaison-liber-greffon-et-PG-3.jpg\" alt=\"\" class=\"wp-image-321\" srcset=\"https:\/\/tailler-greffer.fr\/wp-content\/uploads\/2026\/03\/comparaison-liber-greffon-et-PG-3.jpg 1041w, https:\/\/tailler-greffer.fr\/wp-content\/uploads\/2026\/03\/comparaison-liber-greffon-et-PG-3-375x500.jpg 375w, https:\/\/tailler-greffer.fr\/wp-content\/uploads\/2026\/03\/comparaison-liber-greffon-et-PG-3-768x1024.jpg 768w\" sizes=\"auto, (max-width: 1041px) 100vw, 1041px\" \/><\/figure>\n<\/div>\n\n\n\n<div class=\"wp-block-column is-vertically-aligned-center is-layout-flow wp-block-column-is-layout-flow\" style=\"flex-basis:33.33%\">\n<p>Le greffon est pr\u00e9sent\u00e9 en vis \u00e0 vis de la  coupe du porte-greffe afin de pouvoir comparer l&rsquo;\u00e9paisseur du liber.<br>Sur le porte-greffe, le liber, vert clair, est bien visible sur la droite de la photo (environ 2 mm de large).<br>Sur le greffon, le liber, plus clair, est bien visible au niveau du bourgeon. Il est de m\u00eame largeur que celui du porte-greffe.<br>En positionnant le greffon affleurant avec le porte-greffe, les cambiums seront donc ajust\u00e9s.<\/p>\n<\/div>\n<\/div>\n\n\n\n<p><\/p>\n","protected":false},"excerpt":{"rendered":"<p>Quelques photos vont illustrer la greffe en fente : greffe de Mirabelle sur un prunier sauvage, en centre- Ard\u00e8che, \u00e0 600 m d&rsquo;altitude, le 23 f\u00e9vrier 2026. L&rsquo;arbre, \u00e2g\u00e9 de quelques ann\u00e9es, est de bonne vigueur. 5 branches pourront \u00eatre greff\u00e9es : Les greffons sont taill\u00e9s sur une pousse vigoureuse, en commen\u00e7ant par la base [&hellip;]<\/p>\n","protected":false},"author":1,"featured_media":0,"parent":463,"menu_order":6,"comment_status":"closed","ping_status":"closed","template":"","meta":{"footnotes":""},"class_list":["post-496","page","type-page","status-publish","hentry"],"_links":{"self":[{"href":"https:\/\/tailler-greffer.fr\/index.php\/wp-json\/wp\/v2\/pages\/496","targetHints":{"allow":["GET"]}}],"collection":[{"href":"https:\/\/tailler-greffer.fr\/index.php\/wp-json\/wp\/v2\/pages"}],"about":[{"href":"https:\/\/tailler-greffer.fr\/index.php\/wp-json\/wp\/v2\/types\/page"}],"author":[{"embeddable":true,"href":"https:\/\/tailler-greffer.fr\/index.php\/wp-json\/wp\/v2\/users\/1"}],"replies":[{"embeddable":true,"href":"https:\/\/tailler-greffer.fr\/index.php\/wp-json\/wp\/v2\/comments?post=496"}],"version-history":[{"count":2,"href":"https:\/\/tailler-greffer.fr\/index.php\/wp-json\/wp\/v2\/pages\/496\/revisions"}],"predecessor-version":[{"id":500,"href":"https:\/\/tailler-greffer.fr\/index.php\/wp-json\/wp\/v2\/pages\/496\/revisions\/500"}],"up":[{"embeddable":true,"href":"https:\/\/tailler-greffer.fr\/index.php\/wp-json\/wp\/v2\/pages\/463"}],"wp:attachment":[{"href":"https:\/\/tailler-greffer.fr\/index.php\/wp-json\/wp\/v2\/media?parent=496"}],"curies":[{"name":"wp","href":"https:\/\/api.w.org\/{rel}","templated":true}]}}